{"id":9914,"date":"2026-01-15T08:07:33","date_gmt":"2026-01-15T07:07:33","guid":{"rendered":"https:\/\/bavaria-kompressoren.de\/product\/kompressor-bavaria-sport-250l-min-hb-300-bar-2\/"},"modified":"2026-04-21T08:03:41","modified_gmt":"2026-04-21T06:03:41","slug":"kompressor-bavaria-sport-250l-min-hb-300-bar-2","status":"publish","type":"product","link":"https:\/\/bavaria-kompressoren.de\/en\/product\/kompressor-bavaria-sport-250l-min-hb-300-bar-2\/","title":{"rendered":"Kompressor BAVARIA Sport 250L\/Min. HB 300 bar"},"content":{"rendered":"<p>Transportabler Atemluftverdichter, stabiler Tragrahmen, pulverbeschichtet, Transportgriffe.<br \/>\nLuftliterleistung 250 L\/Min., 15 m\u00b3 H, 8,83 cfm.<br \/>\n3-stufiger Kompressorblock, , \u00d6lschleuderstift- Sicherheitsschmierung, Niederdruck\u00f6lpumpe,\u00a0 Micronic- Ansaugfilter, Enddruckmanometer, Druckhalteventil, R\u00fcckschlagventil,<br \/>\nautomatische Enddruckabschaltung,<br \/>\nein F\u00fcllanschluss an 1,0 mtr. Schlauch mit entl\u00fcftbarer 300 bar F\u00fcllarmatur. TriplePlus Reintrocknersystem FT 160 H mit Hopcalite f\u00fcr ca. 600 m\u00b3 reine Luft nach DIN EN 12021,<br \/>\nAntrieb mittels Keilriemen: Honda Benzinmotor GX 270 \u00a06,3 kW, 8,4 PS, Ger\u00e4uschentwicklung ca. 94 dbA, mit \u00d6lmangelabschaltung.<br \/>\nIm Lieferumfang: Tripletrocknerpatrone FT 160H, Kompressor\u00f6l, ausf\u00fchrliches Handbuch, Kompressor Logbuch, F\u00fcllbuch.<br \/>\nDimensionen: LBH 100 x 45 x 68 cm, Gewicht 115 kg.<br \/>\n\u00a0<br \/>\n\u00a0<\/p>","protected":false},"excerpt":{"rendered":"<p>Transportabler Atemluftverdichter, stabiler Tragrahmen, pulverbeschichtet, Transportgriffe. Luftliterleistung 250 L\/Min., 15 m\u00b3 H, 8,83 cfm. 3-stufiger Kompressorblock, , \u00d6lschleuderstift- Sicherheitsschmierung, Niederdruck\u00f6lpumpe,\u00a0 Micronic- Ansaugfilter, Enddruckmanometer, Druckhalteventil, R\u00fcckschlagventil, automatische Enddruckabschaltung, ein F\u00fcllanschluss an 1,0 mtr. Schlauch mit entl\u00fcftbarer 300 bar F\u00fcllarmatur. TriplePlus Reintrocknersystem FT 160 H mit Hopcalite f\u00fcr ca. 600 m\u00b3 reine Luft nach DIN EN 12021, [&hellip;]<\/p>\n","protected":false},"featured_media":9959,"comment_status":"closed","ping_status":"closed","template":"","meta":{"_acf_changed":false},"product_brand":[],"product_cat":[140],"product_tag":[],"class_list":{"0":"post-9914","1":"product","2":"type-product","3":"status-publish","4":"has-post-thumbnail","6":"product_cat-kot","7":"pa_antriebsart-benzin","8":"pa_arbeitsdruck-200-bar-2900-psi","9":"pa_arbeitsdruck-300-bar-4351-psi","11":"first","12":"instock","13":"taxable","14":"shipping-taxable","15":"purchasable","16":"product-type-variable"},"acf":[],"_links":{"self":[{"href":"https:\/\/bavaria-kompressoren.de\/en\/wp-json\/wp\/v2\/product\/9914","targetHints":{"allow":["GET"]}}],"collection":[{"href":"https:\/\/bavaria-kompressoren.de\/en\/wp-json\/wp\/v2\/product"}],"about":[{"href":"https:\/\/bavaria-kompressoren.de\/en\/wp-json\/wp\/v2\/types\/product"}],"replies":[{"embeddable":true,"href":"https:\/\/bavaria-kompressoren.de\/en\/wp-json\/wp\/v2\/comments?post=9914"}],"wp:featuredmedia":[{"embeddable":true,"href":"https:\/\/bavaria-kompressoren.de\/en\/wp-json\/wp\/v2\/media\/9959"}],"wp:attachment":[{"href":"https:\/\/bavaria-kompressoren.de\/en\/wp-json\/wp\/v2\/media?parent=9914"}],"wp:term":[{"taxonomy":"product_brand","embeddable":true,"href":"https:\/\/bavaria-kompressoren.de\/en\/wp-json\/wp\/v2\/product_brand?post=9914"},{"taxonomy":"product_cat","embeddable":true,"href":"https:\/\/bavaria-kompressoren.de\/en\/wp-json\/wp\/v2\/product_cat?post=9914"},{"taxonomy":"product_tag","embeddable":true,"href":"https:\/\/bavaria-kompressoren.de\/en\/wp-json\/wp\/v2\/product_tag?post=9914"}],"curies":[{"name":"wp","href":"https:\/\/api.w.org\/{rel}","templated":true}]}}