{"id":9901,"date":"2026-01-14T08:07:36","date_gmt":"2026-01-14T07:07:36","guid":{"rendered":"https:\/\/bavaria-kompressoren.de\/product\/kompressor-bavaria-tsi-compact-silent-270-et-300-bar-2\/"},"modified":"2026-04-21T08:03:41","modified_gmt":"2026-04-21T06:03:41","slug":"kompressor-bavaria-tsi-compact-silent-270-et-300-bar-2","status":"publish","type":"product","link":"https:\/\/bavaria-kompressoren.de\/en\/product\/kompressor-bavaria-tsi-compact-silent-270-et-300-bar-2\/","title":{"rendered":"Kompressor BAVARIA TSI COMPACT SILENT 270-450"},"content":{"rendered":"<p>BAVARIA TSI SILENT COMPACT PROFESSIONAL \u2013 f\u00fcr Profis gemacht!<br \/>\nWenn es um Leben und Sicherheit geht, z\u00e4hlen nur Leistung und absolute Zuverl\u00e4ssigkeit. Der TSI SILENT Professional wurde speziell f\u00fcr Feuerwehren, Rettungsdienste, Tauchzentren und industrielle Anwendungen entwickelt \u2013 robust, leistungsstark und wartungsarm. 24\/7-Betrieb \u2013 F\u00fcr den extremen Dauereinsatz konzipiert. Nur 69 dB(A).\u00a0<br \/>\nLuftdurchfluss: 270 LpM-16 m\u00b3-9,53cfm,\u00a0 320LpM- 19m\u00b3- 11,3cfm,\u00a0 400LpM- 24m\u00b3- 14,13cfm,\u00a0 450LpM- 27m\u00b3- 15,9cfm, max.350 bar<br \/>\nSicherheitsventile f\u00fcr jede Verdichtungsstufe,\u00a0 Mikronischer Ansaugfilter,\u00a0Doppelte Schmierung mit einer Niederdruck\u00f6lpumpe mit Mikropartikel-\u00d6lfilter und hocheffizienter Zentrifugal-Nadelschmierung, \u00d6lmenge 2,6 Liter.<br \/>\nMikronischer Ansaugluftfilter, Zwischenabscheider nach 2. und 3. Kompressorstufe, Kondensatabscheidung mit Spezialschalld\u00e4mpfer, 5-Liter-Auffangbeh\u00e4lter.<br \/>\nFT 410 three-stage breathing air drying system, T\u00dcV-tested, dryer capacity approx. 1400 m\u00b3 at 15 \u00b0C (UT) for H\u00b2O\/oil or optional H\u00b2O\/oil\/CO.<br \/>\nElectronic monitoring of dryer saturation with Airsave PRO E, integrated humidity sensor in the filter cartridge.<br \/>\nIDE HIGH END Kompressorsteuerung mit Display.<br \/>\nAsynchroner Drehstrommotor 400 V, 50 Hz, 5,5-7,5 kW, B3 IP 55, konische Antriebsriemenscheibe mit SPA-Keilriemen.<br \/>\n1 Hauptluftauslass 16 x 1,5 8S oder optional externe F\u00fcllrampe mit 4 x 200 bar oder 4 x 300 bar oder 2 x 200 + 2 x 300 bar F\u00fcllvorrichtungen.<br \/>\nAccessories included:<br \/>\nWrench for dryer housing, comprehensive operating instructions, spare parts manual, compressor logbook, compressor filling log, declaration of conformity, certificates for safety valves, hoses, separator, dryer, air quality and leak test, dryer cartridge FT 410 A.<br \/>\nAbmessungen: LxBxH LxBxH 1340 x 750 x 1320 mm, Gewicht ca. 240-245 kg<br \/>\nweitere Informationen siehe Datenblatt<br \/>\n\u00a0<br \/>\n\u00a0<\/p>","protected":false},"excerpt":{"rendered":"<p>BAVARIA TSI SILENT COMPACT PROFESSIONAL \u2013 f\u00fcr Profis gemacht! Wenn es um Leben und Sicherheit geht, z\u00e4hlen nur Leistung und absolute Zuverl\u00e4ssigkeit. Der TSI SILENT Professional wurde speziell f\u00fcr Feuerwehren, Rettungsdienste, Tauchzentren und industrielle Anwendungen entwickelt \u2013 robust, leistungsstark und wartungsarm. 24\/7-Betrieb \u2013 F\u00fcr den extremen Dauereinsatz konzipiert. Nur 69 dB(A).\u00a0 Luftdurchfluss: 270 LpM-16 m\u00b3-9,53cfm,\u00a0 [&hellip;]<\/p>\n","protected":false},"featured_media":9996,"comment_status":"closed","ping_status":"closed","template":"","meta":{"_acf_changed":false},"product_brand":[],"product_cat":[150,146,21],"product_tag":[],"class_list":{"0":"post-9901","1":"product","2":"type-product","3":"status-publish","4":"has-post-thumbnail","6":"product_cat-ko","7":"product_cat-kos","8":"product_cat-uncategorized","9":"pa_arbeitsdruck-200-bar-2900-psi","10":"pa_arbeitsdruck-300-bar-4351-psi","11":"pa_arbeitsdruck-420-bar-6091-psi","12":"pa_fuellleistung-270-lpm-953-cfm","13":"pa_fuellleistung-320-lpm-113-cfm","14":"pa_fuellleistung-400-lpm-1413-cfm","15":"pa_fuellleistung-450-lpm-1589-cfm","16":"pa_leistung-55-kw","17":"pa_leistung-75-kw","18":"pa_spannung-400v","20":"first","21":"instock","22":"taxable","23":"shipping-taxable","24":"purchasable","25":"product-type-variable"},"acf":[],"_links":{"self":[{"href":"https:\/\/bavaria-kompressoren.de\/en\/wp-json\/wp\/v2\/product\/9901","targetHints":{"allow":["GET"]}}],"collection":[{"href":"https:\/\/bavaria-kompressoren.de\/en\/wp-json\/wp\/v2\/product"}],"about":[{"href":"https:\/\/bavaria-kompressoren.de\/en\/wp-json\/wp\/v2\/types\/product"}],"replies":[{"embeddable":true,"href":"https:\/\/bavaria-kompressoren.de\/en\/wp-json\/wp\/v2\/comments?post=9901"}],"wp:featuredmedia":[{"embeddable":true,"href":"https:\/\/bavaria-kompressoren.de\/en\/wp-json\/wp\/v2\/media\/9996"}],"wp:attachment":[{"href":"https:\/\/bavaria-kompressoren.de\/en\/wp-json\/wp\/v2\/media?parent=9901"}],"wp:term":[{"taxonomy":"product_brand","embeddable":true,"href":"https:\/\/bavaria-kompressoren.de\/en\/wp-json\/wp\/v2\/product_brand?post=9901"},{"taxonomy":"product_cat","embeddable":true,"href":"https:\/\/bavaria-kompressoren.de\/en\/wp-json\/wp\/v2\/product_cat?post=9901"},{"taxonomy":"product_tag","embeddable":true,"href":"https:\/\/bavaria-kompressoren.de\/en\/wp-json\/wp\/v2\/product_tag?post=9901"}],"curies":[{"name":"wp","href":"https:\/\/api.w.org\/{rel}","templated":true}]}}