{"id":9746,"date":"2025-11-12T09:56:03","date_gmt":"2025-11-12T08:56:03","guid":{"rendered":"https:\/\/bavaria-kompressoren.de\/product\/bavaria-profi-200-300-lpm-200-300-bar\/"},"modified":"2026-04-21T08:03:40","modified_gmt":"2026-04-21T06:03:40","slug":"bavaria-profi-200-300-lpm-200-300-bar","status":"publish","type":"product","link":"https:\/\/bavaria-kompressoren.de\/en\/product\/bavaria-profi-200-300-lpm-200-300-bar\/","title":{"rendered":"BAVARIA-PROFI 200- 300 LpM, 200 &#8211; 300 bar"},"content":{"rendered":"<p>Transportabler Atemluftverdichter, stabiler pulverbeschichteter Stahl-Sturzrahmen mit\u00a0 Transportgriffen. \u00a0<\/p>\n<p>Luftliterleistung 200-250 -300 L\/Min, 12- 18 m\u00b3\/h, 7,06- 8,83- 10,6\u00a0c.f.m., wahlweise 200 oder 300 bar. \u00a03-stufiger Kompressorblock,\u00a0Schmierung mit Niederdruck\u00f6lpumpe).\u00a0 Micronic- Ansaugfilter, Enddruckmanometer, Druckhalteventil, R\u00fcckschlagventil,\u00a0AutoStop bei erfreichen des Enddrucks,\u00a0<br \/>\n2 F\u00fcllschl\u00e4uche 1,2 mtr. mit Handgriff und entl\u00fcftbarer F\u00fcllarmatur\u00a0 DIN 200 oder 300 bar je nach Bestellung.<br \/>\nTriple-Plus Reintrocknersystem FT 160 \u00a0 f\u00fcr ca. 600 m\u00b3 (@20\u00b0C), reine Luft nach DIN EN 12021:2014,\u00a0<br \/>\nOptional AIRSAVE PRO E Trocknerpatronen-s\u00e4ttigungs-\u00dcberwachung<br \/>\nDrehstrom\u00a04 kW, 230V Wechselstrom oder Drehstrom 400 V, 50\/60 Hz, Wahlweise auch mit Benzinmotor HONDA GX 270.\u00a0<br \/>\nBavaria High End Stern-Dreieck Steuerung.\u00a0 automatische\u00a0 Kondensatableitung mit Sammelkanister, automatische Enddruckabschaltung, Wartungsintervall-\u00dcberwachung,\u00a0<br \/>\nMa\u00dfe: 132 x 59 x 64 cm, Gewicht: ca. 141 kg.\u00a0 \u00a0<\/p>\n<p>Weitere Info, siehe Datenblatt<\/p>","protected":false},"excerpt":{"rendered":"<p>Transportabler Atemluftverdichter, stabiler pulverbeschichteter Stahl-Sturzrahmen mit\u00a0 Transportgriffen. \u00a0 Luftliterleistung 200-250 -300 L\/Min, 12- 18 m\u00b3\/h, 7,06- 8,83- 10,6\u00a0c.f.m., wahlweise 200 oder 300 bar. \u00a03-stufiger Kompressorblock,\u00a0Schmierung mit Niederdruck\u00f6lpumpe).\u00a0 Micronic- Ansaugfilter, Enddruckmanometer, Druckhalteventil, R\u00fcckschlagventil,\u00a0AutoStop bei erfreichen des Enddrucks,\u00a0 2 F\u00fcllschl\u00e4uche 1,2 mtr. mit Handgriff und entl\u00fcftbarer F\u00fcllarmatur\u00a0 DIN 200 oder 300 bar je nach Bestellung. Triple-Plus Reintrocknersystem [&hellip;]<\/p>\n","protected":false},"featured_media":9934,"comment_status":"closed","ping_status":"closed","template":"","meta":{"_acf_changed":false},"product_brand":[],"product_cat":[140],"product_tag":[],"class_list":{"0":"post-9746","1":"product","2":"type-product","3":"status-publish","4":"has-post-thumbnail","6":"product_cat-kot","7":"pa_arbeitsdruck-200-bar-2900-psi","8":"pa_arbeitsdruck-300-bar-4351-psi","9":"pa_fuellleistung-220-lpm-777-cm","10":"pa_fuellleistung-270-lpm-953-cfm","11":"pa_fuellleistung-300-lpm-1059-cfm","12":"pa_leistung-4-kw","13":"pa_leistung-55-kw","14":"pa_spannung-230v","15":"pa_spannung-400v","17":"first","18":"instock","19":"taxable","20":"shipping-taxable","21":"purchasable","22":"product-type-variable"},"acf":[],"_links":{"self":[{"href":"https:\/\/bavaria-kompressoren.de\/en\/wp-json\/wp\/v2\/product\/9746","targetHints":{"allow":["GET"]}}],"collection":[{"href":"https:\/\/bavaria-kompressoren.de\/en\/wp-json\/wp\/v2\/product"}],"about":[{"href":"https:\/\/bavaria-kompressoren.de\/en\/wp-json\/wp\/v2\/types\/product"}],"replies":[{"embeddable":true,"href":"https:\/\/bavaria-kompressoren.de\/en\/wp-json\/wp\/v2\/comments?post=9746"}],"wp:featuredmedia":[{"embeddable":true,"href":"https:\/\/bavaria-kompressoren.de\/en\/wp-json\/wp\/v2\/media\/9934"}],"wp:attachment":[{"href":"https:\/\/bavaria-kompressoren.de\/en\/wp-json\/wp\/v2\/media?parent=9746"}],"wp:term":[{"taxonomy":"product_brand","embeddable":true,"href":"https:\/\/bavaria-kompressoren.de\/en\/wp-json\/wp\/v2\/product_brand?post=9746"},{"taxonomy":"product_cat","embeddable":true,"href":"https:\/\/bavaria-kompressoren.de\/en\/wp-json\/wp\/v2\/product_cat?post=9746"},{"taxonomy":"product_tag","embeddable":true,"href":"https:\/\/bavaria-kompressoren.de\/en\/wp-json\/wp\/v2\/product_tag?post=9746"}],"curies":[{"name":"wp","href":"https:\/\/api.w.org\/{rel}","templated":true}]}}