{"id":9739,"date":"2025-11-12T09:01:53","date_gmt":"2025-11-12T08:01:53","guid":{"rendered":"https:\/\/bavaria-kompressoren.de\/product\/kompressor-bavaria-sport-210-250-l-min-200-bar\/"},"modified":"2026-04-21T08:03:40","modified_gmt":"2026-04-21T06:03:40","slug":"kompressor-bavaria-sport-210-250-l-min-200-bar","status":"publish","type":"product","link":"https:\/\/bavaria-kompressoren.de\/en\/product\/kompressor-bavaria-sport-210-250-l-min-200-bar\/","title":{"rendered":"Kompressor BAVARIA Sport 210- 250 L\/Min. 200 bar"},"content":{"rendered":"<p>Transportabler Atemluftverdichter, stabiler Rahmen, pulverbeschichtet, Transportgriffe.<br \/>\nLuftliterleistung 210-250 L\/Min., 12,6-15 m\u00b3 H, 7,42-8,83 cfm.<br \/>\n3-stufiger Kompressorblock, jede Stufe mit Sicherheitsventil.\u00a0 Niederdruck-\u00d6lpumpe mit \u00d6lfilter, Micronic- Ansaugfilter, Enddruckmanometer, Druckhalteventil, R\u00fcckschlagventil,<br \/>\nautomatische Enddruckabschaltung,<br \/>\nein F\u00fcllanschluss an 1,0 mtr. Schlauch mit entl\u00fcftbarer 200 oder 300 bar F\u00fcllarmatur. TriplePlus Reintrocknersystem FT 160 f\u00fcr ca. 600 m\u00b3 reine Luft nach DIN EN 12021,<br \/>\nWechselstrommotor 4 kW, 230 V, 50 Hz , oder 3-Phasen Drehstrom 4-5,5-kW 400V 50\/60Hz.Ger\u00e4uschentwicklung ca. 83 dbA.<br \/>\nIm Lieferumfang: Tripletrocknerpatrone FT 160, Kompressor\u00f6l, ausf\u00fchrliches Handbuch, Kompressor Logbuch, F\u00fcllbuch.<br \/>\nDimensionen: LBH 100 x 45 x 68 cm, Gewicht 125 kg.<br \/>\n\u00a0<\/p>","protected":false},"excerpt":{"rendered":"<p>Transportabler Atemluftverdichter, stabiler Rahmen, pulverbeschichtet, Transportgriffe. Luftliterleistung 210-250 L\/Min., 12,6-15 m\u00b3 H, 7,42-8,83 cfm. 3-stufiger Kompressorblock, jede Stufe mit Sicherheitsventil.\u00a0 Niederdruck-\u00d6lpumpe mit \u00d6lfilter, Micronic- Ansaugfilter, Enddruckmanometer, Druckhalteventil, R\u00fcckschlagventil, automatische Enddruckabschaltung, ein F\u00fcllanschluss an 1,0 mtr. Schlauch mit entl\u00fcftbarer 200 oder 300 bar F\u00fcllarmatur. TriplePlus Reintrocknersystem FT 160 f\u00fcr ca. 600 m\u00b3 reine Luft nach DIN [&hellip;]<\/p>\n","protected":false},"featured_media":10272,"comment_status":"closed","ping_status":"closed","template":"","meta":{"_acf_changed":false},"product_brand":[],"product_cat":[140],"product_tag":[],"class_list":{"0":"post-9739","1":"product","2":"type-product","3":"status-publish","4":"has-post-thumbnail","6":"product_cat-kot","7":"pa_arbeitsdruck-200-bar-2900-psi","8":"pa_arbeitsdruck-300-bar-4351-psi","9":"pa_fuellleistung-210-lpm-742-cfm","10":"pa_fuellleistung-250-lpm-883-cfm","11":"pa_leistung-4-kw","12":"pa_leistung-55-kw","13":"pa_spannung-230v","14":"pa_spannung-400v","16":"first","17":"instock","18":"taxable","19":"shipping-taxable","20":"purchasable","21":"product-type-variable"},"acf":[],"_links":{"self":[{"href":"https:\/\/bavaria-kompressoren.de\/en\/wp-json\/wp\/v2\/product\/9739","targetHints":{"allow":["GET"]}}],"collection":[{"href":"https:\/\/bavaria-kompressoren.de\/en\/wp-json\/wp\/v2\/product"}],"about":[{"href":"https:\/\/bavaria-kompressoren.de\/en\/wp-json\/wp\/v2\/types\/product"}],"replies":[{"embeddable":true,"href":"https:\/\/bavaria-kompressoren.de\/en\/wp-json\/wp\/v2\/comments?post=9739"}],"wp:featuredmedia":[{"embeddable":true,"href":"https:\/\/bavaria-kompressoren.de\/en\/wp-json\/wp\/v2\/media\/10272"}],"wp:attachment":[{"href":"https:\/\/bavaria-kompressoren.de\/en\/wp-json\/wp\/v2\/media?parent=9739"}],"wp:term":[{"taxonomy":"product_brand","embeddable":true,"href":"https:\/\/bavaria-kompressoren.de\/en\/wp-json\/wp\/v2\/product_brand?post=9739"},{"taxonomy":"product_cat","embeddable":true,"href":"https:\/\/bavaria-kompressoren.de\/en\/wp-json\/wp\/v2\/product_cat?post=9739"},{"taxonomy":"product_tag","embeddable":true,"href":"https:\/\/bavaria-kompressoren.de\/en\/wp-json\/wp\/v2\/product_tag?post=9739"}],"curies":[{"name":"wp","href":"https:\/\/api.w.org\/{rel}","templated":true}]}}