{"id":9707,"date":"2025-11-11T09:01:51","date_gmt":"2025-11-11T08:01:51","guid":{"rendered":"https:\/\/bavaria-kompressoren.de\/product\/bavaria-profi-200-300-lpm-200-300-bar-2\/"},"modified":"2026-04-21T08:03:40","modified_gmt":"2026-04-21T06:03:40","slug":"bavaria-profi-200-300-lpm-200-300-bar-2","status":"publish","type":"product","link":"https:\/\/bavaria-kompressoren.de\/en\/product\/bavaria-profi-200-300-lpm-200-300-bar-2\/","title":{"rendered":"BAVARIA-PROFI 320 HB"},"content":{"rendered":"<p>Transportabler Atemluftverdichter, in robustem Sturzrahmen, mit Transportgriffen. \u00a0Luftliterleistung 320 L\/Min, 19,2 m\u00b3\/h, 11,3\u00a0c.f.m., 200 bar.\u00a0 Z Schmierung, hocheffiziente Schleuderstiftschmierung und zus\u00e4tzlicher Niederdruck-\u00d6lpumpe. Micronic- Ansaugfilter, Enddruckmanometer, Druckhalteventil, R\u00fcckschlagventil,\u00a0<br \/>\n2 F\u00fcllschl\u00e4uche 1,2 mtr. mit Handgriff und entl\u00fcftbarer F\u00fcllarmatur\u00a0 2x DIN 200 bar. Triple-Plus Reintrocknersystem FT 160\u00a0 f\u00fcr ca. 600 m\u00b3 (@20\u00b0C), reine Luft nach DIN EN 12021:2014,\u00a0 Druckhalteventil f\u00fcr l\u00e4ngere Patronenstandzeiten.<br \/>\nAutomatische Kondensatableitung und automatische Enddruckabschaltung.<br \/>\nOptional AIRSAVE Basic which monitors the dryer cartridge saturation and the service intervals and at the same time records the operating hours.<br \/>\nHONDA GX 270 6,3kW-8,4HP.\u00a0<br \/>\n1x Trocknerpatrone FT 160 H, Kompressor\u00f6l, ausf\u00fchrliches Handbuch, Teilehandbuch, Kompressorlogbuch, F\u00fcllbuch und Zertifikate.\u00a0<br \/>\nMa\u00dfe: 1235mm*590mm*660mm cm, Gewicht: ca. 134 kg.\u00a0 \u00a0<\/p>\n<p>Weitere Infos siehe Datenblatt<br \/>\n\u00a0<\/p>","protected":false},"excerpt":{"rendered":"<p>Transportabler Atemluftverdichter, in robustem Sturzrahmen, mit Transportgriffen. \u00a0Luftliterleistung 320 L\/Min, 19,2 m\u00b3\/h, 11,3\u00a0c.f.m., 200 bar.\u00a0 Z Schmierung, hocheffiziente Schleuderstiftschmierung und zus\u00e4tzlicher Niederdruck-\u00d6lpumpe. Micronic- Ansaugfilter, Enddruckmanometer, Druckhalteventil, R\u00fcckschlagventil,\u00a0 2 F\u00fcllschl\u00e4uche 1,2 mtr. mit Handgriff und entl\u00fcftbarer F\u00fcllarmatur\u00a0 2x DIN 200 bar. Triple-Plus Reintrocknersystem FT 160\u00a0 f\u00fcr ca. 600 m\u00b3 (@20\u00b0C), reine Luft nach DIN EN 12021:2014,\u00a0 [&hellip;]<\/p>\n","protected":false},"featured_media":9940,"comment_status":"closed","ping_status":"closed","template":"","meta":{"_acf_changed":false},"product_brand":[],"product_cat":[140],"product_tag":[],"class_list":{"0":"post-9707","1":"product","2":"type-product","3":"status-publish","4":"has-post-thumbnail","6":"product_cat-kot","7":"pa_antriebsart-benzin","8":"pa_arbeitsdruck-200-bar-2900-psi","9":"pa_arbeitsdruck-300-bar-4351-psi","10":"pa_fuellleistung-320-lpm-113-cfm","11":"pa_leistung-63-kw","13":"first","14":"instock","15":"taxable","16":"shipping-taxable","17":"purchasable","18":"product-type-variable"},"acf":[],"_links":{"self":[{"href":"https:\/\/bavaria-kompressoren.de\/en\/wp-json\/wp\/v2\/product\/9707","targetHints":{"allow":["GET"]}}],"collection":[{"href":"https:\/\/bavaria-kompressoren.de\/en\/wp-json\/wp\/v2\/product"}],"about":[{"href":"https:\/\/bavaria-kompressoren.de\/en\/wp-json\/wp\/v2\/types\/product"}],"replies":[{"embeddable":true,"href":"https:\/\/bavaria-kompressoren.de\/en\/wp-json\/wp\/v2\/comments?post=9707"}],"wp:featuredmedia":[{"embeddable":true,"href":"https:\/\/bavaria-kompressoren.de\/en\/wp-json\/wp\/v2\/media\/9940"}],"wp:attachment":[{"href":"https:\/\/bavaria-kompressoren.de\/en\/wp-json\/wp\/v2\/media?parent=9707"}],"wp:term":[{"taxonomy":"product_brand","embeddable":true,"href":"https:\/\/bavaria-kompressoren.de\/en\/wp-json\/wp\/v2\/product_brand?post=9707"},{"taxonomy":"product_cat","embeddable":true,"href":"https:\/\/bavaria-kompressoren.de\/en\/wp-json\/wp\/v2\/product_cat?post=9707"},{"taxonomy":"product_tag","embeddable":true,"href":"https:\/\/bavaria-kompressoren.de\/en\/wp-json\/wp\/v2\/product_tag?post=9707"}],"curies":[{"name":"wp","href":"https:\/\/api.w.org\/{rel}","templated":true}]}}