{"id":9247,"date":"2025-09-10T09:05:49","date_gmt":"2025-09-10T07:05:49","guid":{"rendered":"https:\/\/bavaria-kompressoren.de\/product\/idecn-700-nitrox-generator\/"},"modified":"2026-04-21T08:03:32","modified_gmt":"2026-04-21T06:03:32","slug":"idecn-700-nitrox-generator","status":"publish","type":"product","link":"https:\/\/bavaria-kompressoren.de\/en\/product\/idecn-700-nitrox-generator\/","title":{"rendered":"IDECN 700 NITROX generator"},"content":{"rendered":"<p>C-NITROX 700 ist ein industrieller Hochleistungs-Schraubenkompressor, der Luft mit einem Druck von 12 bar an eine OXYSEP 7-15-40 OXYGEN-Membran liefert, die Stickstoff und Sauerstoff trennt, bis zu einem Maximum von 40 Prozent Sauerstoff. Die angereicherte Luft kann in Verbindung mit einem Hochdruckkompressor auf 232 bar komprimiert werden. Der am Auslass erzielte Sauerstoffanteil kann \u00fcber ein direkt an der Oberseite des Kompressors zug\u00e4ngliches Ventil auf bis zu 40 % eingestellt werden. Mit dem Sauerstoffanalysator kann der richtige Anteil \u00fcberpr\u00fcft und \u00fcber das entsprechende Ventil eingestellt werden.<br \/>\nStandardausstattung<br \/>\nSchaltschrank<br \/>\nAutomatischer Kondensatablass<br \/>\n2 Analysatoren<br \/>\nThermostat<br \/>\n1 OXYSEP 7-15-40 OXYGEN-Membran<\/p>\n<p>Hinweise: Betriebsdruck 232 bar \/ Bei Verwendung von Kompressoren mit geringeren Durchflussraten ist der maximale Sauerstoffanteil immer gew\u00e4hrleistet.<br \/>\nMotor:\u00a0Elektrisch, dreiphasig, 400 V \u2013 50 Hz<br \/>\nLeistung:\u00a02.000 l\/min \u2013 120 m3\/h \u2013 70,6 CFM<br \/>\nBetriebsdruck:10 bar \u2013 145 PSI<br \/>\nNettogewicht (ca.):296 kg \u2013 652,5 lb<br \/>\nAbmessungen (B x T x H):117 x 78 x 129 cm \u2013 46 x 30,7 x 50,7 in<\/p>\n<p>l\/min Anzuschlie\u00dfender HP-Kompressor1<br \/>\n% O2 36 %\u00a0720 l\/min\u00a045 m3\/h\u00a026,5 cfm<br \/>\n% O2 40 %\u00a0650 l\/min\u00a039 m3\/h\u00a023 cfm<br \/>\n% O2 40 %\u00a0450 l\/min\u00a027 m3\/h\u00a015,9 cfm<\/p>\n<p>\u00a0<\/p>","protected":false},"excerpt":{"rendered":"<p>C-NITROX 700 ist ein industrieller Hochleistungs-Schraubenkompressor, der Luft mit einem Druck von 12 bar an eine OXYSEP 7-15-40 OXYGEN-Membran liefert, die Stickstoff und Sauerstoff trennt, bis zu einem Maximum von 40 Prozent Sauerstoff. Die angereicherte Luft kann in Verbindung mit einem Hochdruckkompressor auf 232 bar komprimiert werden. Der am Auslass erzielte Sauerstoffanteil kann \u00fcber ein [&hellip;]<\/p>\n","protected":false},"featured_media":9391,"comment_status":"open","ping_status":"closed","template":"","meta":{"_acf_changed":false},"product_brand":[],"product_cat":[144],"product_tag":[],"class_list":{"0":"post-9247","1":"product","2":"type-product","3":"status-publish","4":"has-post-thumbnail","6":"product_cat-mg","8":"first","9":"outofstock","10":"taxable","11":"shipping-taxable","12":"purchasable","13":"product-type-simple"},"acf":[],"_links":{"self":[{"href":"https:\/\/bavaria-kompressoren.de\/en\/wp-json\/wp\/v2\/product\/9247","targetHints":{"allow":["GET"]}}],"collection":[{"href":"https:\/\/bavaria-kompressoren.de\/en\/wp-json\/wp\/v2\/product"}],"about":[{"href":"https:\/\/bavaria-kompressoren.de\/en\/wp-json\/wp\/v2\/types\/product"}],"replies":[{"embeddable":true,"href":"https:\/\/bavaria-kompressoren.de\/en\/wp-json\/wp\/v2\/comments?post=9247"}],"wp:featuredmedia":[{"embeddable":true,"href":"https:\/\/bavaria-kompressoren.de\/en\/wp-json\/wp\/v2\/media\/9391"}],"wp:attachment":[{"href":"https:\/\/bavaria-kompressoren.de\/en\/wp-json\/wp\/v2\/media?parent=9247"}],"wp:term":[{"taxonomy":"product_brand","embeddable":true,"href":"https:\/\/bavaria-kompressoren.de\/en\/wp-json\/wp\/v2\/product_brand?post=9247"},{"taxonomy":"product_cat","embeddable":true,"href":"https:\/\/bavaria-kompressoren.de\/en\/wp-json\/wp\/v2\/product_cat?post=9247"},{"taxonomy":"product_tag","embeddable":true,"href":"https:\/\/bavaria-kompressoren.de\/en\/wp-json\/wp\/v2\/product_tag?post=9247"}],"curies":[{"name":"wp","href":"https:\/\/api.w.org\/{rel}","templated":true}]}}