{"id":8908,"date":"2025-08-13T17:19:59","date_gmt":"2025-08-13T15:19:59","guid":{"rendered":"https:\/\/bavaria-kompressoren.de\/product\/kompressorblock-g-serie360-bar-max\/"},"modified":"2026-04-21T08:03:40","modified_gmt":"2026-04-21T06:03:40","slug":"kompressorblock-g-serie360-bar-max","status":"publish","type":"product","link":"https:\/\/bavaria-kompressoren.de\/en\/product\/kompressorblock-g-serie360-bar-max\/","title":{"rendered":"Kompressorblock G-Serie,360 bar max."},"content":{"rendered":"<p>total unbenutzter 2023  4-stufiger UNIVERSAL-HochdruckkKompressorblock f\u00fcr Luft, Helium, Stickstoff, Argon, Erdgas und CNG.<br \/>\nKapazit\u00e4t    600-800 l\/min bis max. 400 bar.<br \/>\nKraft\u00fcbertragungsmodus    SPA-Dreieckriemen,<br \/>\nben\u00f6tigte Antriebsleistung 11-15 kW,(U\/min)    950-1280<br \/>\nGewicht 139 kg,<br \/>\nAnzahl der Kompressorstufen    4 Stufen<br \/>\nGer\u00e4uschpegel (dB)    \u226487<br \/>\nMaximaler Druck    400 bar<br \/>\nAbmessungen L \u00d7 B \u00d7 H (mm)    767 \u00d7 611 \u00d7 700,<br \/>\nkomplett mit Zwischenk\u00fchlern und Nachk\u00fchler. Zwischenabscheidern nach der 2., 3. Stufe<br \/>\nAntriebs-\/L\u00fcfterrad, \u00d6lpumpe mit Filter, \u00d6llevelsensor.<\/p>","protected":false},"excerpt":{"rendered":"<p>total unbenutzter 2023 4-stufiger UNIVERSAL-HochdruckkKompressorblock f\u00fcr Luft, Helium, Stickstoff, Argon, Erdgas und CNG. Kapazit\u00e4t 600-800 l\/min bis max. 400 bar. Kraft\u00fcbertragungsmodus SPA-Dreieckriemen, ben\u00f6tigte Antriebsleistung 11-15 kW,(U\/min) 950-1280 Gewicht 139 kg, Anzahl der Kompressorstufen 4 Stufen Ger\u00e4uschpegel (dB) \u226487 Maximaler Druck 400 bar Abmessungen L \u00d7 B \u00d7 H (mm) 767 \u00d7 611 \u00d7 700, komplett [&hellip;]<\/p>\n","protected":false},"featured_media":9841,"comment_status":"open","ping_status":"closed","template":"","meta":{"_acf_changed":false},"product_brand":[],"product_cat":[151],"product_tag":[],"class_list":{"0":"post-8908","1":"product","2":"type-product","3":"status-publish","4":"has-post-thumbnail","6":"product_cat-gb","8":"first","9":"instock","10":"taxable","11":"shipping-taxable","12":"purchasable","13":"product-type-simple"},"acf":[],"_links":{"self":[{"href":"https:\/\/bavaria-kompressoren.de\/en\/wp-json\/wp\/v2\/product\/8908","targetHints":{"allow":["GET"]}}],"collection":[{"href":"https:\/\/bavaria-kompressoren.de\/en\/wp-json\/wp\/v2\/product"}],"about":[{"href":"https:\/\/bavaria-kompressoren.de\/en\/wp-json\/wp\/v2\/types\/product"}],"replies":[{"embeddable":true,"href":"https:\/\/bavaria-kompressoren.de\/en\/wp-json\/wp\/v2\/comments?post=8908"}],"wp:featuredmedia":[{"embeddable":true,"href":"https:\/\/bavaria-kompressoren.de\/en\/wp-json\/wp\/v2\/media\/9841"}],"wp:attachment":[{"href":"https:\/\/bavaria-kompressoren.de\/en\/wp-json\/wp\/v2\/media?parent=8908"}],"wp:term":[{"taxonomy":"product_brand","embeddable":true,"href":"https:\/\/bavaria-kompressoren.de\/en\/wp-json\/wp\/v2\/product_brand?post=8908"},{"taxonomy":"product_cat","embeddable":true,"href":"https:\/\/bavaria-kompressoren.de\/en\/wp-json\/wp\/v2\/product_cat?post=8908"},{"taxonomy":"product_tag","embeddable":true,"href":"https:\/\/bavaria-kompressoren.de\/en\/wp-json\/wp\/v2\/product_tag?post=8908"}],"curies":[{"name":"wp","href":"https:\/\/api.w.org\/{rel}","templated":true}]}}