{"id":7923,"date":"2025-05-29T11:08:36","date_gmt":"2025-05-29T09:08:36","guid":{"rendered":"https:\/\/bavaria-kompressoren.de\/product\/bavaria-fun-marine-atemluftkompressor-mit-benzinmotor\/"},"modified":"2026-04-21T08:03:39","modified_gmt":"2026-04-21T06:03:39","slug":"bavaria-fun-marine-atemluftkompressor-mit-benzinmotor","status":"publish","type":"product","link":"https:\/\/bavaria-kompressoren.de\/en\/product\/bavaria-fun-marine-atemluftkompressor-mit-benzinmotor\/","title":{"rendered":"BAVARIA FUN- MARINE Breathing air compressor with gasoline engine"},"content":{"rendered":"<p>Transportabler Atemluftverdichter  f\u00fcr Marineanwendungen 200 oder 300 bar, stabiler pulverbeschichteter Edelstahl-Rahmen,<br \/>\nAUTO-STOP bei Erreichen des Enddrucks serienm\u00e4\u00dfig<br \/>\nAir flow rate 60-110 L\/min, 3-6.6 m\u00b3h, 2.11- 3.88 cfm.<br \/>\nF\u00fcllanschluss DIN 200 oder 300 bar mit Entl\u00fcftung an 1,2 mtr. Schlauch. Triple+ Reintrocknersystem FT 100 f\u00fcr ca. 130 m\u00b3 reine Luft nach DIN 12021:2014. (<br \/>\nOptionally with Airsave Basic filter saturation and service interval monitoring.<\/p>\n<p>Antrieb wahlweise:  Benzinmotor HONDA GX 200<br \/>\nIncluded in the scope of delivery: Triple+dryer cartridge FT 100, compressor oil, user manual, parts manual.<br \/>\n\" 5-year EUROPA guarantee, you won't find anything comparable\"<\/p>","protected":false},"excerpt":{"rendered":"<p>Transportabler Atemluftverdichter f\u00fcr Marineanwendungen 200 oder 300 bar, stabiler pulverbeschichteter Edelstahl-Rahmen, AUTO-STOP bei Erreichen des Enddrucks serienm\u00e4\u00dfig Luftliterleistung 60-110 L\/Min, 3-6,6 m\u00b3h, 2,11- 3,88 cfm. F\u00fcllanschluss DIN 200 oder 300 bar mit Entl\u00fcftung an 1,2 mtr. Schlauch. Triple+ Reintrocknersystem FT 100 f\u00fcr ca. 130 m\u00b3 reine Luft nach DIN 12021:2014. ( Optional mit Airsave Basic [&hellip;]<\/p>\n","protected":false},"featured_media":9488,"comment_status":"closed","ping_status":"open","template":"","meta":{"_acf_changed":false},"product_brand":[],"product_cat":[140],"product_tag":[],"class_list":{"0":"post-7923","1":"product","2":"type-product","3":"status-publish","4":"has-post-thumbnail","6":"product_cat-kot","7":"pa_antriebsart-benzin","8":"pa_arbeitsdruck-200-bar-2900-psi","9":"pa_arbeitsdruck-300-bar-4351-psi","10":"pa_fuellleistung-110-lpm-388-cfm","11":"pa_leistung-48-kw","12":"pa_marke-honda-gx200","14":"first","15":"outofstock","16":"taxable","17":"shipping-taxable","18":"purchasable","19":"product-type-variable"},"acf":[],"_links":{"self":[{"href":"https:\/\/bavaria-kompressoren.de\/en\/wp-json\/wp\/v2\/product\/7923","targetHints":{"allow":["GET"]}}],"collection":[{"href":"https:\/\/bavaria-kompressoren.de\/en\/wp-json\/wp\/v2\/product"}],"about":[{"href":"https:\/\/bavaria-kompressoren.de\/en\/wp-json\/wp\/v2\/types\/product"}],"replies":[{"embeddable":true,"href":"https:\/\/bavaria-kompressoren.de\/en\/wp-json\/wp\/v2\/comments?post=7923"}],"wp:featuredmedia":[{"embeddable":true,"href":"https:\/\/bavaria-kompressoren.de\/en\/wp-json\/wp\/v2\/media\/9488"}],"wp:attachment":[{"href":"https:\/\/bavaria-kompressoren.de\/en\/wp-json\/wp\/v2\/media?parent=7923"}],"wp:term":[{"taxonomy":"product_brand","embeddable":true,"href":"https:\/\/bavaria-kompressoren.de\/en\/wp-json\/wp\/v2\/product_brand?post=7923"},{"taxonomy":"product_cat","embeddable":true,"href":"https:\/\/bavaria-kompressoren.de\/en\/wp-json\/wp\/v2\/product_cat?post=7923"},{"taxonomy":"product_tag","embeddable":true,"href":"https:\/\/bavaria-kompressoren.de\/en\/wp-json\/wp\/v2\/product_tag?post=7923"}],"curies":[{"name":"wp","href":"https:\/\/api.w.org\/{rel}","templated":true}]}}