{"id":7896,"date":"2025-05-27T11:04:17","date_gmt":"2025-05-27T09:04:17","guid":{"rendered":"https:\/\/bavaria-kompressoren.de\/product\/bavaria-pure-power-atemluftkompressor\/"},"modified":"2026-04-21T08:03:38","modified_gmt":"2026-04-21T06:03:38","slug":"bavaria-pure-power-atemluftkompressor","status":"publish","type":"product","link":"https:\/\/bavaria-kompressoren.de\/en\/product\/bavaria-pure-power-atemluftkompressor\/","title":{"rendered":"BAVARIA PURE POWER breathing air compressor"},"content":{"rendered":"<p>High-performance breathing air compressor and filling system for gases - especially breathing air.<br \/>\nAir flow rate 400 -550 L\/min, 24 - 33 m\u00b3\/h, 14.12 - 19.42 c.f.m. up to max. 360 bar, optional 420 bar.<br \/>\n4-stufiger robuster Industrie-Standard- Kompressorblock,\u00a0\u00a0 Automatischer Kondenswasserabscheidung sowie Abschaltung bei Erreichen des Enddruckes.<br \/>\nMit wartungsfreier Niederdruck-\u00d6lpumpe mit \u00d6lfilter, \u00d6lmenge ca. 5 Ltr.<br \/>\nMicronic-Ansaugluftfilter,\u00a0<br \/>\nBeigestellte Filteranlage FT 410 dreistufiges Atemluftreintrockner-System, T\u00dcV gepr\u00fcft, Trocknerkapazit\u00e4t 2400 m\u00b3 (bei 20\u00b0 C) f\u00fcr H\u00b2O\/\u00d6l oder optional H\u00b2O\/\u00d6L\/CO.<br \/>\nThe optional AIRSAVE PRO E or AIRSAVE ULTIMATE can be integrated for air quality monitoring.<br \/>\nHIGH END star-delta compressor control with motor protection relay, start-stop button with indicator light, emergency stop mushroom button, operating hours counter, electronic timer for automatic condensate drainage, precision pressure switch for automatic switch-off when final pressure is reached.<br \/>\nAsynchronous three-phase motor 400 V, 50\/60 Hz, 7.5 - 9 kW, IP 55, IE3<br \/>\n1 Hauptluftabgang,\u00a0\u00a0<br \/>\nCompressor LWH115x 60x 79.6cm<br \/>\nFilter unit 75 x 80 x 30 cm,<\/p>\n<p>Weitere Informationen siehe Datenblatt<\/p>\n<p>\u00a0<\/p>","protected":false},"excerpt":{"rendered":"<p>Hochleistungs- Atemluftverdichtzerverdichter und F\u00fcllanlage f\u00fcr Gase- insbesondere Atemluft. Luftliterleistung 400 -550 L\/Min, 24 &#8211; 33 m\u00b3\/h, 14,12- 19,42 c.f.m. bis max. 360 bar, optional 420 bar. 4-stufiger robuster Industrie-Standard- Kompressorblock,\u00a0\u00a0 Automatischer Kondenswasserabscheidung sowie Abschaltung bei Erreichen des Enddruckes. Mit wartungsfreier Niederdruck-\u00d6lpumpe mit \u00d6lfilter, \u00d6lmenge ca. 5 Ltr. Micronic-Ansaugluftfilter,\u00a0 Beigestellte Filteranlage FT 410 dreistufiges Atemluftreintrockner-System, T\u00dcV [&hellip;]<\/p>\n","protected":false},"featured_media":9454,"comment_status":"closed","ping_status":"closed","template":"","meta":{"_acf_changed":false},"product_brand":[],"product_cat":[146],"product_tag":[],"class_list":{"0":"post-7896","1":"product","2":"type-product","3":"status-publish","4":"has-post-thumbnail","6":"product_cat-kos","7":"pa_arbeitsdruck-300-bar-4351-psi","8":"pa_arbeitsdruck-420-bar-6091-psi","9":"pa_fuellleistung-450-lpm-1589-cfm","10":"pa_fuellleistung-550-lpm-1942-cfm","11":"pa_leistung-75-kw","12":"pa_leistung-9-kw","13":"pa_spannung-400v","15":"first","16":"instock","17":"taxable","18":"shipping-taxable","19":"purchasable","20":"product-type-variable"},"acf":[],"_links":{"self":[{"href":"https:\/\/bavaria-kompressoren.de\/en\/wp-json\/wp\/v2\/product\/7896","targetHints":{"allow":["GET"]}}],"collection":[{"href":"https:\/\/bavaria-kompressoren.de\/en\/wp-json\/wp\/v2\/product"}],"about":[{"href":"https:\/\/bavaria-kompressoren.de\/en\/wp-json\/wp\/v2\/types\/product"}],"replies":[{"embeddable":true,"href":"https:\/\/bavaria-kompressoren.de\/en\/wp-json\/wp\/v2\/comments?post=7896"}],"wp:featuredmedia":[{"embeddable":true,"href":"https:\/\/bavaria-kompressoren.de\/en\/wp-json\/wp\/v2\/media\/9454"}],"wp:attachment":[{"href":"https:\/\/bavaria-kompressoren.de\/en\/wp-json\/wp\/v2\/media?parent=7896"}],"wp:term":[{"taxonomy":"product_brand","embeddable":true,"href":"https:\/\/bavaria-kompressoren.de\/en\/wp-json\/wp\/v2\/product_brand?post=7896"},{"taxonomy":"product_cat","embeddable":true,"href":"https:\/\/bavaria-kompressoren.de\/en\/wp-json\/wp\/v2\/product_cat?post=7896"},{"taxonomy":"product_tag","embeddable":true,"href":"https:\/\/bavaria-kompressoren.de\/en\/wp-json\/wp\/v2\/product_tag?post=7896"}],"curies":[{"name":"wp","href":"https:\/\/api.w.org\/{rel}","templated":true}]}}