{"id":7888,"date":"2025-05-27T11:04:15","date_gmt":"2025-05-27T09:04:15","guid":{"rendered":"https:\/\/bavaria-kompressoren.de\/product\/bavaria-fun-2-atemluftkompressor\/"},"modified":"2026-04-21T08:03:37","modified_gmt":"2026-04-21T06:03:37","slug":"bavaria-fun-2-atemluftkompressor","status":"publish","type":"product","link":"https:\/\/bavaria-kompressoren.de\/en\/product\/bavaria-fun-2-atemluftkompressor\/","title":{"rendered":"BAVARIA FUN 2 EM\/ ETAtemluftkompressor"},"content":{"rendered":"<p>Transportabler Atemluftverdichterf\u00fcr 200 oder 300 bar, stabiler pulverbeschichteter Stahlrahmen.<\/p>\n<p>AUTO-STOP bei Erreichen des Enddrucks serienm\u00e4\u00dfig<\/p>\n<p>Air flow rate 60-110 L\/min, 3-6.6 m\u00b3h, 2.11- 3.88 cfm.<\/p>\n<p>F\u00fcllanschluss DIN 200 oder 300 bar mit Entl\u00fcftung an 1,2 mtr. Schlauch. Triple+ Reintrocknersystem FT 100 f\u00fcr ca. 130 m\u00b3 reine Luft nach DIN 12021:2014.<\/p>\n<p>Optionally with Airsave Basic filter saturation and service interval monitoring.<\/p>\n<p>Antrieb wahlweise: Wechselsterommotor, 230V , 110V, Drehstrommotor 400V, 220V,<\/p>\n<p>Included in the scope of delivery: Triple+dryer cartridge FT 100, compressor oil, user manual, parts manual.<\/p>\n<p>\" 5-year EUROPA guarantee, you won't find anything comparable\"<\/p>","protected":false},"excerpt":{"rendered":"<p>Transportabler Atemluftverdichterf\u00fcr 200 oder 300 bar, stabiler pulverbeschichteter Stahlrahmen. AUTO-STOP bei Erreichen des Enddrucks serienm\u00e4\u00dfig Luftliterleistung 60-110 L\/Min, 3-6,6 m\u00b3h, 2,11- 3,88 cfm. F\u00fcllanschluss DIN 200 oder 300 bar mit Entl\u00fcftung an 1,2 mtr. Schlauch. Triple+ Reintrocknersystem FT 100 f\u00fcr ca. 130 m\u00b3 reine Luft nach DIN 12021:2014. Optional mit Airsave Basic Filters\u00e4ttigungs und Service- [&hellip;]<\/p>\n","protected":false},"featured_media":9450,"comment_status":"closed","ping_status":"closed","template":"","meta":{"_acf_changed":false},"product_brand":[],"product_cat":[140],"product_tag":[],"class_list":{"0":"post-7888","1":"product","2":"type-product","3":"status-publish","4":"has-post-thumbnail","6":"product_cat-kot","7":"pa_arbeitsdruck-200-bar-2900-psi","8":"pa_arbeitsdruck-300-bar-4351-psi","9":"pa_fuellleistung-110-lpm-388-cfm","10":"pa_fuellleistung-85-lpm-30-cfm","11":"pa_leistung-11-kw","12":"pa_leistung-15-kw","13":"pa_leistung-22-kw","14":"pa_spannung-115v","15":"pa_spannung-230v","16":"pa_spannung-400v","18":"first","19":"instock","20":"taxable","21":"shipping-taxable","22":"purchasable","23":"product-type-variable"},"acf":[],"_links":{"self":[{"href":"https:\/\/bavaria-kompressoren.de\/en\/wp-json\/wp\/v2\/product\/7888","targetHints":{"allow":["GET"]}}],"collection":[{"href":"https:\/\/bavaria-kompressoren.de\/en\/wp-json\/wp\/v2\/product"}],"about":[{"href":"https:\/\/bavaria-kompressoren.de\/en\/wp-json\/wp\/v2\/types\/product"}],"replies":[{"embeddable":true,"href":"https:\/\/bavaria-kompressoren.de\/en\/wp-json\/wp\/v2\/comments?post=7888"}],"wp:featuredmedia":[{"embeddable":true,"href":"https:\/\/bavaria-kompressoren.de\/en\/wp-json\/wp\/v2\/media\/9450"}],"wp:attachment":[{"href":"https:\/\/bavaria-kompressoren.de\/en\/wp-json\/wp\/v2\/media?parent=7888"}],"wp:term":[{"taxonomy":"product_brand","embeddable":true,"href":"https:\/\/bavaria-kompressoren.de\/en\/wp-json\/wp\/v2\/product_brand?post=7888"},{"taxonomy":"product_cat","embeddable":true,"href":"https:\/\/bavaria-kompressoren.de\/en\/wp-json\/wp\/v2\/product_cat?post=7888"},{"taxonomy":"product_tag","embeddable":true,"href":"https:\/\/bavaria-kompressoren.de\/en\/wp-json\/wp\/v2\/product_tag?post=7888"}],"curies":[{"name":"wp","href":"https:\/\/api.w.org\/{rel}","templated":true}]}}