{"id":7886,"date":"2025-05-27T11:04:15","date_gmt":"2025-05-27T09:04:15","guid":{"rendered":"https:\/\/bavaria-kompressoren.de\/product\/bavaria-nautic-150l-atemluftkompressor\/"},"modified":"2026-04-21T08:03:37","modified_gmt":"2026-04-21T06:03:37","slug":"bavaria-nautic-150l-atemluftkompressor","status":"publish","type":"product","link":"https:\/\/bavaria-kompressoren.de\/en\/product\/bavaria-nautic-150l-atemluftkompressor\/","title":{"rendered":"BAVARIA NAUTIC- 150L EM\/ ET Atemluftkompressor"},"content":{"rendered":"<p>Transportabler Atemluftverdichter, stabiler pulverbeschichteter Stahl-Rahmen.<br \/>\nAir flow rate 150 L\/min, 9 m\u00b3h, 5.3 cfm.<br \/>\n1 F\u00fcllanschluss DIN 200\/ 300 bar mit Entl\u00fcftung an 1,2 mtr. Schlauch. Triple+ Reintrocknersystem FT 100 f\u00fcr ca. 130 m\u00b3 reine Luft nach DIN 12021:2014.\u00a0<br \/>\nFinal pressure cut-off as standard.<br \/>\nOptionally with Airsave Basic filter saturation and service interval monitoring.<br \/>\nAntrieb: Wechselstrommotor 230V 50 HZ 3 kW, Drehstrommotor 400V 3kW 50 Hz<br \/>\nIncluded in the scope of delivery: Triple+dryer cartridge FT 100, compressor oil, user manual, parts manual.<br \/>\n\"5-year European warranty, you won't find anything comparable\"<br \/>\n\u00a0<br \/>\n\u00a0<br \/>\n\u00a0<\/p>","protected":false},"excerpt":{"rendered":"<p>Transportabler Atemluftverdichter, stabiler pulverbeschichteter Stahl-Rahmen. Luftliterleistung 150\u00a0L\/Min, 9\u00a0m\u00b3h, 5,3\u00a0cfm. 1 F\u00fcllanschluss DIN 200\/ 300 bar mit Entl\u00fcftung an 1,2 mtr. Schlauch. Triple+ Reintrocknersystem FT 100 f\u00fcr ca. 130 m\u00b3 reine Luft nach DIN 12021:2014.\u00a0 Enddruckabschaltung serienm\u00e4ssig. Optional mit Airsave Basic Filters\u00e4ttigungs und Service- Intervall \u00dcberwachung. Antrieb: Wechselstrommotor 230V 50 HZ 3 kW, Drehstrommotor 400V 3kW [&hellip;]<\/p>\n","protected":false},"featured_media":9449,"comment_status":"closed","ping_status":"closed","template":"","meta":{"_acf_changed":false},"product_brand":[],"product_cat":[140],"product_tag":[],"class_list":{"0":"post-7886","1":"product","2":"type-product","3":"status-publish","4":"has-post-thumbnail","6":"product_cat-kot","7":"pa_arbeitsdruck-200-bar-2900-psi","8":"pa_arbeitsdruck-300-bar-4351-psi","9":"pa_fuellleistung-150-lpm-529-cfm","10":"pa_leistung-3-kw","11":"pa_spannung-115v","12":"pa_spannung-230v","13":"pa_spannung-400v","15":"first","16":"instock","17":"taxable","18":"shipping-taxable","19":"purchasable","20":"product-type-variable"},"acf":[],"_links":{"self":[{"href":"https:\/\/bavaria-kompressoren.de\/en\/wp-json\/wp\/v2\/product\/7886","targetHints":{"allow":["GET"]}}],"collection":[{"href":"https:\/\/bavaria-kompressoren.de\/en\/wp-json\/wp\/v2\/product"}],"about":[{"href":"https:\/\/bavaria-kompressoren.de\/en\/wp-json\/wp\/v2\/types\/product"}],"replies":[{"embeddable":true,"href":"https:\/\/bavaria-kompressoren.de\/en\/wp-json\/wp\/v2\/comments?post=7886"}],"wp:featuredmedia":[{"embeddable":true,"href":"https:\/\/bavaria-kompressoren.de\/en\/wp-json\/wp\/v2\/media\/9449"}],"wp:attachment":[{"href":"https:\/\/bavaria-kompressoren.de\/en\/wp-json\/wp\/v2\/media?parent=7886"}],"wp:term":[{"taxonomy":"product_brand","embeddable":true,"href":"https:\/\/bavaria-kompressoren.de\/en\/wp-json\/wp\/v2\/product_brand?post=7886"},{"taxonomy":"product_cat","embeddable":true,"href":"https:\/\/bavaria-kompressoren.de\/en\/wp-json\/wp\/v2\/product_cat?post=7886"},{"taxonomy":"product_tag","embeddable":true,"href":"https:\/\/bavaria-kompressoren.de\/en\/wp-json\/wp\/v2\/product_tag?post=7886"}],"curies":[{"name":"wp","href":"https:\/\/api.w.org\/{rel}","templated":true}]}}