{"id":7824,"date":"2025-01-05T12:01:44","date_gmt":"2025-01-05T11:01:44","guid":{"rendered":"https:\/\/bavaria-kompressoren.de\/product\/bavaria-nitrox-trimix-misch-und-fuellsystem\/"},"modified":"2026-04-21T08:03:36","modified_gmt":"2026-04-21T06:03:36","slug":"bavaria-nitrox-trimix-misch-und-fuellsystem","status":"publish","type":"product","link":"https:\/\/bavaria-kompressoren.de\/en\/product\/bavaria-nitrox-trimix-misch-und-fuellsystem\/","title":{"rendered":"BAVARIA NITROX \/ TRIMIX MIXING AND FILLING SYSTEM"},"content":{"rendered":"<p>BAVARIA NITROX \/ TRIMIX MIXING AND FILLING SYSTEM<\/p>\n<p>Der weltweit kleinste und wirklich tragbare Nitroxverdichter mit vorgeschaltetem Nitrox\/Trimix Mischer mit eine f\u00fcr seine Gr\u00f6sse erstaunlicher Leistung von 140L\/Minute bis zu einem Sauerstoffanteil von 45% und einem Gewicht von nur 52 kg f\u00fcr den Kompressor und 15 kg f\u00fcr den Automixer.<br \/>\nPfrofiqualit\u00e4t und Sicherheit f\u00fcr Hobby-und Berufstaucher gleicherma\u00dfen. Temperatur\u00fcberwachung, korosionsbest\u00e4ndige Komponenten am Kompressorblock, Airsave Basic Filters\u00e4ttigungs\u00fcberwachung, Betriebsstundenz\u00e4hler, Serviceintervall\u00fcberwachung, hochpr\u00e4zise Sensoren garantieren konstante genaueste Gasmischungen.<\/p>\n<p>Die Anlage besteht aus:<\/p>\n<p>1. BAVARIA-AUTOMIXER<br \/>\nis simple and intuitive to use.<br \/>\n- Extreme safety thanks to external 24 V low-voltage solenoid valve power supply for connection to the compressor<br \/>\n- Pneumatic valves that close in the event of an excess gas alarm<br \/>\n\u2022 Struktur aus rostfreiem Edelstahl, geringe Gr\u00f6\u00dfe und kompakte einfache Montage<br \/>\n- Highly efficient internal flow mixers<br \/>\n- Micrometer-controlled flow meter with large stroke for controlled gas flow adjustment<br \/>\n- Analysis of the gas output of the compressor.<br \/>\nIncluded in the scope of delivery d - AUTOMIXER, - 2 pcs. external solenoid valve unit 24 V, - 230 V \/ 24 AC , power supply - 230 V - 110 V \/ 12 V DC power supply, - suction filter, - operating and maintenance manual.<br \/>\nAssembly kit: Hose connection 2 inch\/50 for suction hose, internal 50 mm spiral hose for suction, stainless steel suction hose clamps, cable ties for cable harnesses, electrical transformer connection, electrical cable, auxiliary contact x holder, oxygen pressure reducer + fitting, Helium pressure reducer + fittings, , Rilsan tube x helium and oxygen D8, flow reducer for gas analysis, Rilsan tube D6 + D4, gas re-entry analysis, reserve oxygen sensor, three-stage suction tube D25 + D35, hose connections.<\/p>\n<p>2.\u00a0BAVARIA NAUTIC- 140N\u00a0 EM 225 bar ATEM\u00d6LUFTKOMPRESSOR F\u00dcR NITROX UND TRIMIX<br \/>\nTransportabler Atemluftverdichter f\u00fcr 225 bar, stabiler Rahmen, pulverbeschichtet,\u00a0\u00a0mit Transportgriffen.<br \/>\nAir flow rate 150 L\/min, 9 m\u00b3h, 5.3 cfm.<br \/>\n3-zylindriger, 3-stufiger Kompressorblock, 1.-2.- 3. Stufe mit Sicherheitsventil. Aluminium-Zylinder, teils mit Graugusslaufbuchsen,\u00a0\u00a0Aluminium-Kolben mit Spezialkolbenringen f\u00fcr hohe Lebensdauer, Freiflugkolben in letzter Stufe. 2 Kondenswasserabscheider mit Entl\u00fcftungshahn, \u00d6lschleuderstift-Sicherheitsschmierung. Micronic-Ansaugfilter, Enddruckmanometer. 1 F\u00fcllanschluss DIN 200 bar mit Entl\u00fcftung an 1,2 mtr. Schlauch. Triple+ Reintrocknersystem FT 100 f\u00fcr ca. 130 m\u00b3 reine Luft nach DIN 12021:2014. (vorausgesetzt der Wert f\u00fcr CO2 in der Ansaugluft entspricht den Grenzwerten)<br \/>\nEnddruckabschaltung serienm\u00e4ssig; Kondensatablass Automatisch, \u00a0Filters\u00e4ttigungs-und Service- Intervall \u00dcberwachung.AIRSAVE BASIC, Temperatur\u00fcberwachung,\u00a0Betriebsstundenz\u00e4hler<br \/>\nOptionally with Airsave Basic filter saturation and service interval monitoring.<br \/>\nAntrieb mittels Keilriemen: Anschlussleitung 2m mit Schukostecker, Wechselstrommotor 3 kW, 230 V, 50\/60 Hz, Ger\u00e4uschentwicklung ca. 78 dbA.<br \/>\nIncluded in the scope of delivery: Triple+dryer cartridge FT 100, compressor oil, user manual, parts manual.<br \/>\nMa\u00dfe\/Gewichte: LxBxH 71x 41x 40, 52\u00a0kg.<br \/>\nDie abgebildeten Gasflaschen sind nicht im Lieferumfang enthalten!<\/p>","protected":false},"excerpt":{"rendered":"<p>BAVARIA NITROX \/ TRIMIX MISCH-UND F\u00dcLLSYSTEM Der weltweit kleinste und wirklich tragbare Nitroxverdichter mit vorgeschaltetem Nitrox\/Trimix Mischer mit eine f\u00fcr seine Gr\u00f6sse erstaunlicher Leistung von 140L\/Minute bis zu einem Sauerstoffanteil von 45% und einem Gewicht von nur 52 kg f\u00fcr den Kompressor und 15 kg f\u00fcr den Automixer. Pfrofiqualit\u00e4t und Sicherheit f\u00fcr Hobby-und Berufstaucher gleicherma\u00dfen. [&hellip;]<\/p>\n","protected":false},"featured_media":9446,"comment_status":"closed","ping_status":"closed","template":"","meta":{"_acf_changed":false},"product_brand":[],"product_cat":[144],"product_tag":[],"class_list":{"0":"post-7824","1":"product","2":"type-product","3":"status-publish","4":"has-post-thumbnail","6":"product_cat-mg","8":"first","9":"instock","10":"taxable","11":"shipping-taxable","12":"purchasable","13":"product-type-simple"},"acf":[],"_links":{"self":[{"href":"https:\/\/bavaria-kompressoren.de\/en\/wp-json\/wp\/v2\/product\/7824","targetHints":{"allow":["GET"]}}],"collection":[{"href":"https:\/\/bavaria-kompressoren.de\/en\/wp-json\/wp\/v2\/product"}],"about":[{"href":"https:\/\/bavaria-kompressoren.de\/en\/wp-json\/wp\/v2\/types\/product"}],"replies":[{"embeddable":true,"href":"https:\/\/bavaria-kompressoren.de\/en\/wp-json\/wp\/v2\/comments?post=7824"}],"wp:featuredmedia":[{"embeddable":true,"href":"https:\/\/bavaria-kompressoren.de\/en\/wp-json\/wp\/v2\/media\/9446"}],"wp:attachment":[{"href":"https:\/\/bavaria-kompressoren.de\/en\/wp-json\/wp\/v2\/media?parent=7824"}],"wp:term":[{"taxonomy":"product_brand","embeddable":true,"href":"https:\/\/bavaria-kompressoren.de\/en\/wp-json\/wp\/v2\/product_brand?post=7824"},{"taxonomy":"product_cat","embeddable":true,"href":"https:\/\/bavaria-kompressoren.de\/en\/wp-json\/wp\/v2\/product_cat?post=7824"},{"taxonomy":"product_tag","embeddable":true,"href":"https:\/\/bavaria-kompressoren.de\/en\/wp-json\/wp\/v2\/product_tag?post=7824"}],"curies":[{"name":"wp","href":"https:\/\/api.w.org\/{rel}","templated":true}]}}