{"id":7813,"date":"2024-11-29T12:02:11","date_gmt":"2024-11-29T11:02:11","guid":{"rendered":"https:\/\/bavaria-kompressoren.de\/product\/bavaria-automixer-nitrox-trimix\/"},"modified":"2026-04-21T08:03:36","modified_gmt":"2026-04-21T06:03:36","slug":"bavaria-automixer-nitrox-trimix","status":"publish","type":"product","link":"https:\/\/bavaria-kompressoren.de\/en\/product\/bavaria-automixer-nitrox-trimix\/","title":{"rendered":"BAVARIA AUTOMIXER NITROX TRIMIX"},"content":{"rendered":"<p>BAVARIA-AUTOMIXER<br \/>\nis simple and intuitive to use.<br \/>\n- Extreme safety thanks to external 24 V low-voltage solenoid valve power supply for connection to the compressor<br \/>\n- Pneumatic valves that close in the event of an excess gas alarm<br \/>\n- Stainless steel structure, small size and compact easy installation<br \/>\n- Highly efficient internal flow mixers<br \/>\n- Micrometer-controlled flow meter with large stroke for controlled gas flow adjustment<br \/>\n- Analysis of the gas output of the compressor.<br \/>\nIncluded in the scope of delivery d - AUTOMIXER, - 2 pcs. external solenoid valve unit 24 V, - 230 V \/ 24 AC , power supply - 230 V - 110 V \/ 12 V DC power supply, - suction filter, - operating and maintenance manual.<\/p>\n<p>Assembly kit: Hose connection 2 inch\/50 for suction hose, internal 50 mm spiral hose for suction, stainless steel suction hose clamps, cable ties for cable harnesses, electrical transformer connection, electrical cable, auxiliary contact x holder, oxygen pressure reducer + fitting, Helium pressure reducer + fittings, , Rilsan tube x helium and oxygen D8, flow reducer for gas analysis, Rilsan tube D6 + D4, gas re-entry analysis, reserve oxygen sensor, three-stage suction tube D25 + D35, hose connections.<br \/>\n\u00a0<\/p>","protected":false},"excerpt":{"rendered":"<p>BAVARIA-AUTOMIXER ist einfach und intuitiv zu bedienen. \u2022 Extreme Sicherheit durch externe 24-V-Niederspannungs-Magnetventil-Stromversorgung zum Anschluss an den Kompressor \u2022 Pneumatische Ventile, die bei einem Gas\u00fcberschu\u00dfalarm schlie\u00dfen \u2022 Struktur aus rostfreiem Stahl, geringe Gr\u00f6\u00dfe und kompakte einfache Montage \u2022 Hocheffiziente interne Durchflussmischer \u2022 Mikrometergesteuerte Durchflussmesser mit gro\u00dfem Hub f\u00fcr eine kontrollierte Einstellung des Gasdurchflusses \u2022 Analyse [&hellip;]<\/p>\n","protected":false},"featured_media":9445,"comment_status":"open","ping_status":"closed","template":"","meta":{"_acf_changed":false},"product_brand":[],"product_cat":[144],"product_tag":[],"class_list":{"0":"post-7813","1":"product","2":"type-product","3":"status-publish","4":"has-post-thumbnail","6":"product_cat-mg","8":"first","9":"instock","10":"taxable","11":"shipping-taxable","12":"purchasable","13":"product-type-simple"},"acf":[],"_links":{"self":[{"href":"https:\/\/bavaria-kompressoren.de\/en\/wp-json\/wp\/v2\/product\/7813","targetHints":{"allow":["GET"]}}],"collection":[{"href":"https:\/\/bavaria-kompressoren.de\/en\/wp-json\/wp\/v2\/product"}],"about":[{"href":"https:\/\/bavaria-kompressoren.de\/en\/wp-json\/wp\/v2\/types\/product"}],"replies":[{"embeddable":true,"href":"https:\/\/bavaria-kompressoren.de\/en\/wp-json\/wp\/v2\/comments?post=7813"}],"wp:featuredmedia":[{"embeddable":true,"href":"https:\/\/bavaria-kompressoren.de\/en\/wp-json\/wp\/v2\/media\/9445"}],"wp:attachment":[{"href":"https:\/\/bavaria-kompressoren.de\/en\/wp-json\/wp\/v2\/media?parent=7813"}],"wp:term":[{"taxonomy":"product_brand","embeddable":true,"href":"https:\/\/bavaria-kompressoren.de\/en\/wp-json\/wp\/v2\/product_brand?post=7813"},{"taxonomy":"product_cat","embeddable":true,"href":"https:\/\/bavaria-kompressoren.de\/en\/wp-json\/wp\/v2\/product_cat?post=7813"},{"taxonomy":"product_tag","embeddable":true,"href":"https:\/\/bavaria-kompressoren.de\/en\/wp-json\/wp\/v2\/product_tag?post=7813"}],"curies":[{"name":"wp","href":"https:\/\/api.w.org\/{rel}","templated":true}]}}