{"id":7798,"date":"2024-11-06T12:01:35","date_gmt":"2024-11-06T11:01:35","guid":{"rendered":"https:\/\/bavaria-kompressoren.de\/product\/kondensautomatik-bavaria-fun2-nautic-150-em-et-weitere-modellezur-selbstmontage\/"},"modified":"2026-04-21T08:03:36","modified_gmt":"2026-04-21T06:03:36","slug":"kondensautomatik-bavaria-fun2-nautic-150-em-et-weitere-modellezur-selbstmontage","status":"publish","type":"product","link":"https:\/\/bavaria-kompressoren.de\/en\/product\/kondensautomatik-bavaria-fun2-nautic-150-em-et-weitere-modellezur-selbstmontage\/","title":{"rendered":"Kondensautomatik BAVARIA FUN2-NAUTIC 150 EM-ET\/weitere Modelle,zur Selbstmontage"},"content":{"rendered":"<p>Elektropneumatische Kondenswasserabscheider Anlage f\u00fcr elektrische Kompressormodelle, BAVARIA FUN 2. und NAUTIC- 150, Bavaria Sport EM\/ ET, sowie f\u00fcr viele Modelle anderer Hersteller z.b. BAUER Junior, Capitano oder Oceanus zur Selbstmontage.<br \/>\nBestehend aus: pneumatischen Ventilen mit Kolben und Steuermembrane, 2x Anschlussverschraubung 6\u00a0x1\/4 + 6S x1\/8, 2 Gerade Einschrauber 6S x 1\/8\u00a0\u00a0Anschlu\u00df-Steckwinkel 8S x 1\/8, 2\/3 Magnetventil 230V 50Hz, mit Schalld\u00e4mpfer 1\/4&#8243;, elektronischer\u00a0Timer, 2 St. Schl\u00e4uche zum Anschluss der beiden Abscheider, AnschlussschlauchRilsan 8mm\u00a0 f\u00fcr Steuerdruck, Steckkupplung mit Niederdruckschlauch 12 mm und<br \/>\nKondensatsammelbeh\u00e4lter 3 ltr. mit Entl\u00fcftung und Spritzschutz. Sowie fl\u00fcssiges Teflon als Gewindedichtung.<br \/>\n\u00a0<\/p>","protected":false},"excerpt":{"rendered":"<p>Elektropneumatische Kondenswasserabscheider Anlage f\u00fcr elektrische Kompressormodelle, BAVARIA FUN 2. und NAUTIC- 150, Bavaria Sport EM\/ ET, sowie f\u00fcr viele Modelle anderer Hersteller z.b. BAUER Junior, Capitano oder Oceanus zur Selbstmontage. Bestehend aus: pneumatischen Ventilen mit Kolben und Steuermembrane, 2x Anschlussverschraubung 6\u00a0x1\/4 + 6S x1\/8, 2 Gerade Einschrauber 6S x 1\/8\u00a0\u00a0Anschlu\u00df-Steckwinkel 8S x 1\/8, 2\/3 Magnetventil [&hellip;]<\/p>\n","protected":false},"featured_media":9444,"comment_status":"open","ping_status":"open","template":"","meta":{"_acf_changed":false},"product_brand":[],"product_cat":[143],"product_tag":[],"class_list":{"0":"post-7798","1":"product","2":"type-product","3":"status-publish","4":"has-post-thumbnail","6":"product_cat-kda","8":"first","9":"outofstock","10":"taxable","11":"shipping-taxable","12":"purchasable","13":"product-type-simple"},"acf":[],"_links":{"self":[{"href":"https:\/\/bavaria-kompressoren.de\/en\/wp-json\/wp\/v2\/product\/7798","targetHints":{"allow":["GET"]}}],"collection":[{"href":"https:\/\/bavaria-kompressoren.de\/en\/wp-json\/wp\/v2\/product"}],"about":[{"href":"https:\/\/bavaria-kompressoren.de\/en\/wp-json\/wp\/v2\/types\/product"}],"replies":[{"embeddable":true,"href":"https:\/\/bavaria-kompressoren.de\/en\/wp-json\/wp\/v2\/comments?post=7798"}],"wp:featuredmedia":[{"embeddable":true,"href":"https:\/\/bavaria-kompressoren.de\/en\/wp-json\/wp\/v2\/media\/9444"}],"wp:attachment":[{"href":"https:\/\/bavaria-kompressoren.de\/en\/wp-json\/wp\/v2\/media?parent=7798"}],"wp:term":[{"taxonomy":"product_brand","embeddable":true,"href":"https:\/\/bavaria-kompressoren.de\/en\/wp-json\/wp\/v2\/product_brand?post=7798"},{"taxonomy":"product_cat","embeddable":true,"href":"https:\/\/bavaria-kompressoren.de\/en\/wp-json\/wp\/v2\/product_cat?post=7798"},{"taxonomy":"product_tag","embeddable":true,"href":"https:\/\/bavaria-kompressoren.de\/en\/wp-json\/wp\/v2\/product_tag?post=7798"}],"curies":[{"name":"wp","href":"https:\/\/api.w.org\/{rel}","templated":true}]}}