{"id":7610,"date":"2023-09-12T11:02:51","date_gmt":"2023-09-12T09:02:51","guid":{"rendered":"https:\/\/bavaria-kompressoren.de\/product\/transportbox-fun-ocean-ehb\/"},"modified":"2026-04-21T08:03:35","modified_gmt":"2026-04-21T06:03:35","slug":"transport-box-fun-ocean-ehb","status":"publish","type":"product","link":"https:\/\/bavaria-kompressoren.de\/en\/product\/transportbox-fun-ocean-ehb\/","title":{"rendered":"Transport box FUN- NAUTIC 150"},"content":{"rendered":"<p>RESIN transport box<br \/>\nLightweight, waterproof and unbreakable case that can be used for all types of equipment and accessories.<br \/>\nDimensions:<br \/>\nInternal dimensions: 748.6\u00d7524.6\u00d7454.6(mm) -<br \/>\nExternal dimensions: 813.3\u00d7586.5\u00d7480.5(mm) -<br \/>\nWeight:<br \/>\nEmpty weight: 13,20kg<br \/>\nColor: black<\/p>","protected":false},"excerpt":{"rendered":"<p>RESIN-Transportbox Leichter, wasserdichter und unzerbrechlicher Koffer, der f\u00fcr jede Art von Ausr\u00fcstung und Zubeh\u00f6r verwendet werden kann. Dimensionen: Innenma\u00dfe: 748,6&#215;524,6&#215;454,6(mm) &#8211; Aussenma\u00dfe: 813,3&#215;586,5&#215;480,5(mm) &#8211; Weight: Leergewicht: 13,20kg Farbe: schearz<\/p>","protected":false},"featured_media":9416,"comment_status":"open","ping_status":"open","template":"","meta":{"_acf_changed":false},"product_brand":[],"product_cat":[139],"product_tag":[],"class_list":{"0":"post-7610","1":"product","2":"type-product","3":"status-publish","4":"has-post-thumbnail","6":"product_cat-kz","8":"first","9":"onbackorder","10":"taxable","11":"shipping-taxable","12":"purchasable","13":"product-type-simple"},"acf":[],"_links":{"self":[{"href":"https:\/\/bavaria-kompressoren.de\/en\/wp-json\/wp\/v2\/product\/7610","targetHints":{"allow":["GET"]}}],"collection":[{"href":"https:\/\/bavaria-kompressoren.de\/en\/wp-json\/wp\/v2\/product"}],"about":[{"href":"https:\/\/bavaria-kompressoren.de\/en\/wp-json\/wp\/v2\/types\/product"}],"replies":[{"embeddable":true,"href":"https:\/\/bavaria-kompressoren.de\/en\/wp-json\/wp\/v2\/comments?post=7610"}],"wp:featuredmedia":[{"embeddable":true,"href":"https:\/\/bavaria-kompressoren.de\/en\/wp-json\/wp\/v2\/media\/9416"}],"wp:attachment":[{"href":"https:\/\/bavaria-kompressoren.de\/en\/wp-json\/wp\/v2\/media?parent=7610"}],"wp:term":[{"taxonomy":"product_brand","embeddable":true,"href":"https:\/\/bavaria-kompressoren.de\/en\/wp-json\/wp\/v2\/product_brand?post=7610"},{"taxonomy":"product_cat","embeddable":true,"href":"https:\/\/bavaria-kompressoren.de\/en\/wp-json\/wp\/v2\/product_cat?post=7610"},{"taxonomy":"product_tag","embeddable":true,"href":"https:\/\/bavaria-kompressoren.de\/en\/wp-json\/wp\/v2\/product_tag?post=7610"}],"curies":[{"name":"wp","href":"https:\/\/api.w.org\/{rel}","templated":true}]}}