{"id":10249,"date":"2026-03-27T08:02:16","date_gmt":"2026-03-27T07:02:16","guid":{"rendered":"https:\/\/bavaria-kompressoren.de\/product\/kompressor-bavaria-tvc-silent-800-et-300-bar\/"},"modified":"2026-04-21T08:03:41","modified_gmt":"2026-04-21T06:03:41","slug":"kompressor-bavaria-tvc-silent-800-et-300-bar","status":"publish","type":"product","link":"https:\/\/bavaria-kompressoren.de\/en\/product\/kompressor-bavaria-tvc-silent-800-et-300-bar\/","title":{"rendered":"Kompressor BAVARIA TVC-Silent 800 ET, -300 bar"},"content":{"rendered":"<p>TVC- SILENT SUPER CHARGER<\/p>\n<p>Hochleistungs- Hochdruckverdichter und F\u00fcllanlage f\u00fcr Gase- insbesondere Atemluft in ger\u00e4uschged\u00e4mmter Ausf\u00fchrung.(70 db(A)<br \/>\nCompressor unit:<br \/>\nLuftliterleistung 800 L\/Min, 48 m\u00b3\/h, 28,75\u00a0c.f.m. bis max. 300 bar.<br \/>\n4-Zylinder robuster Industrie-Standard- Kompressorblock, komplett aus Aluminium mit Grauguss Zylinderlaufbuchsen, Sicherheitsventile nach jeder Verdichterstufe. Baumuster- und T\u00dcV-gepr\u00fcftes anl\u00fcftbares Enddrucksicherheitsventil, letzte Verdichterstufe mit Freiflugkolben u. Spezialkolbenringen, Zwischenk\u00fchlerleitungen aus speziellen Edelstahllegierungen. Automatischer Kondenswasserabscheidung sowie Abschaltung bei Erreichen des Enddruckes.<\/p>\n<p>Lubrication:<br \/>\nMit wartungsfreier Niederdruck-\u00d6lpumpe, \u00d6lmenge\u00a0 6 Ltr.<\/p>\n<p>Air\/gas conditioning:<\/p>\n<p>Automatische CO2 Sp\u00fcleinrichtung beim Kompressorstart.<br \/>\nMicronic-Ansaugluftfilter, Zwischenabscheider nach 2. und 3. Verdichterstufe, Endabscheider nach der letzten Verdichterstufe, Kondensattrennung mit Spezialschalld\u00e4mpfer, 10-ltr.-Kondensatsammelbeh\u00e4lter.<br \/>\nFT 410\u00a0dreistufiges Atemluftreintrockner-System, T\u00dcV gepr\u00fcft, Trocknerkapazit\u00e4t 1400 m\u00b3 (bei 20\u00b0 C) alternative optional FT 810 mit 2400 m\u00b3 Kapazit\u00e4t\u00a0f\u00fcr H\u00b2O\/\u00d6l oder optional H\u00b2O\/\u00d6L\/CO.<br \/>\nThe optional AIRSAVE PRO E or AIRSAVE ULTIMATE can be integrated for air quality monitoring.<br \/>\nControl:<br \/>\nIDE HIGH END Stern-Dreieck Kompressorsteuerung mit 7&#8243; Farb-Touch Display, Motorschutzrelais, Start-Stop-Taste mit Kontrollleuchte, Not-Aus Pilztaster, Betriebsstundenz\u00e4hler, elektronischer Timer f\u00fcr die automatische Kondensatableitung, Pr\u00e4zisions-Druckschalter f\u00fcr die automatische Abschaltung bei Erreichen des Enddrucks, wahlweise Voll-oder Halbautomatikbetrieb, Drehrichtungs\u00fcberwachung, Digitale und Analoge Druckanzeige, Zwischendruckmanometer f\u00fcr die 1.2.und 3. Verdichterstufe.<br \/>\nOptional mit oder HMI-Control Can Bus Steuerung mit 7\u201c Farb-Touch Screen<\/p>\n<p>Frame and cabin:<br \/>\nAus 2 &#8211; 5 mm starkem Stahlblech pulverbeschichtet. Farbe: RAL 9007 + 9005 mittlere Struktur, gro\u00dfe Schockabsorber als Stellf\u00fcsse. Kompressoreinheit und Antriebseinheit ebenfalls mittels Schwingelementen vom Grundrahmen entkoppelt.<\/p>\n<p>Drive:<br \/>\nAsynchron-Drehstrommotor 400 V, 50 Hz, 11 kW, IP 55, IE3<br \/>\nTaper drive pulley with SPA V-belt and automatic V-belt tensioner.<\/p>\n<p>Filling system:<br \/>\n1 Hauptluftabgang, optional erweiterbar mit bis zu 4 F\u00fcllschl\u00e4uchen a 1,5 mtr. mit Handgriff und Knickschutz.und F\u00fcllventilen mit Entl\u00fcftung. Auf Wunsch mit Durchflussbegrenzung speziell f\u00fcr langsameres F\u00fcllen von Composite Atemger\u00e4ten. Ebenso optional ist eine F\u00fcllrampe mit 2 oder 4 Kipphebel-Anschl\u00fcssen wahlweise mit Schlauch oder Direktanschluss erh\u00e4ltlich.<\/p>\n<p>\u00a0<\/p>\n<p>Accessories scope of delivery:<br \/>\nTrocknerschl\u00fcssel, ausf\u00fchrliches Bedienungshandbuch, Teilehandbuch, Kompressorlogbuch, Kompressorf\u00fcllbuch, Konformit\u00e4tserkl\u00e4rung, Zertifikate f\u00fcr Sicherheitsventile, Abscheider, Trocknereinheit, Trocknerpatrone FT 410 oder FT810 mit 1x FT + 1x FT 410A<\/p>\n<p>Ma\u00dfe: LBH 130 x 85 x 170 cm, Gewicht ca. 450\u00a0kg.<br \/>\n\u00a0<\/p>\n<p>\u00a0<br \/>\n\u00a0<\/p>\n<p>\u00a0<\/p>","protected":false},"excerpt":{"rendered":"<p>TVC- SILENT SUPER CHARGER Hochleistungs- Hochdruckverdichter und F\u00fcllanlage f\u00fcr Gase- insbesondere Atemluft in ger\u00e4uschged\u00e4mmter Ausf\u00fchrung.(70 db(A) Verdichtereinheit: Luftliterleistung 800 L\/Min, 48 m\u00b3\/h, 28,75\u00a0c.f.m. bis max. 300 bar. 4-Zylinder robuster Industrie-Standard- Kompressorblock, komplett aus Aluminium mit Grauguss Zylinderlaufbuchsen, Sicherheitsventile nach jeder Verdichterstufe. Baumuster- und T\u00dcV-gepr\u00fcftes anl\u00fcftbares Enddrucksicherheitsventil, letzte Verdichterstufe mit Freiflugkolben u. Spezialkolbenringen, Zwischenk\u00fchlerleitungen aus speziellen [&hellip;]<\/p>\n","protected":false},"featured_media":10008,"comment_status":"open","ping_status":"closed","template":"","meta":{"_acf_changed":false},"product_brand":[],"product_cat":[21],"product_tag":[],"class_list":{"0":"post-10249","1":"product","2":"type-product","3":"status-publish","4":"has-post-thumbnail","6":"product_cat-uncategorized","8":"first","9":"instock","10":"taxable","11":"shipping-taxable","12":"purchasable","13":"product-type-simple"},"acf":[],"_links":{"self":[{"href":"https:\/\/bavaria-kompressoren.de\/en\/wp-json\/wp\/v2\/product\/10249","targetHints":{"allow":["GET"]}}],"collection":[{"href":"https:\/\/bavaria-kompressoren.de\/en\/wp-json\/wp\/v2\/product"}],"about":[{"href":"https:\/\/bavaria-kompressoren.de\/en\/wp-json\/wp\/v2\/types\/product"}],"replies":[{"embeddable":true,"href":"https:\/\/bavaria-kompressoren.de\/en\/wp-json\/wp\/v2\/comments?post=10249"}],"wp:featuredmedia":[{"embeddable":true,"href":"https:\/\/bavaria-kompressoren.de\/en\/wp-json\/wp\/v2\/media\/10008"}],"wp:attachment":[{"href":"https:\/\/bavaria-kompressoren.de\/en\/wp-json\/wp\/v2\/media?parent=10249"}],"wp:term":[{"taxonomy":"product_brand","embeddable":true,"href":"https:\/\/bavaria-kompressoren.de\/en\/wp-json\/wp\/v2\/product_brand?post=10249"},{"taxonomy":"product_cat","embeddable":true,"href":"https:\/\/bavaria-kompressoren.de\/en\/wp-json\/wp\/v2\/product_cat?post=10249"},{"taxonomy":"product_tag","embeddable":true,"href":"https:\/\/bavaria-kompressoren.de\/en\/wp-json\/wp\/v2\/product_tag?post=10249"}],"curies":[{"name":"wp","href":"https:\/\/api.w.org\/{rel}","templated":true}]}}