{"id":10202,"date":"2026-03-26T08:09:10","date_gmt":"2026-03-26T07:09:10","guid":{"rendered":"https:\/\/bavaria-kompressoren.de\/product\/ide-fun-marine-benzin-300-bar-atemluftkompressor\/"},"modified":"2026-04-21T08:03:35","modified_gmt":"2026-04-21T06:03:35","slug":"ide-fun-marine-benzin-300-bar-atemluftkompressor","status":"publish","type":"product","link":"https:\/\/bavaria-kompressoren.de\/en\/product\/ide-fun-marine-benzin-300-bar-atemluftkompressor\/","title":{"rendered":"IDE FUN MARINE Benzin 300 bar Atemluftkompressor"},"content":{"rendered":"<p>Transportabler Atemluftverdichter als Marineversion f\u00fcr 300 bar, stabiler EDELSTAHL-Rahmen, pulverbeschichtet,\u00a0 mit ebenfalls pulverbeschichteten Edelstahl-Transportgriffen.<br \/>\nAUTO-STOP on reaching the final pressure included as standard.<br \/>\nLuftliterleistung 100\u00a0L\/Min, 6\u00a0m\u00b3h, 3,55\u00a0cfm.<br \/>\n3-zylindriger, 3-stufiger Kompressorblock, 1.-2.- 3. Stufe mit Sicherheitsventil. Aluminium-Zylinder, teils mit Graugusslaufbuchsen,\u00a0 Aluminium-Kolben mit Spezialkolbenringen f\u00fcr hohe Lebensdauer, Freiflugkolben in letzter Stufe. 2 Kondenswasserabscheider mit Entl\u00fcftungshahn, \u00d6lschleuderstift-Sicherheitsschmierung. Micronic-Ansaugfilter, Enddruckmanometer. 1 F\u00fcllanschluss DIN 300 bar mit Entl\u00fcftung an 1,2 mtr. Schlauch. Triple+ Reintrocknersystem FT 100 f\u00fcr ca. 130 m\u00b3 reine Luft nach DIN 12021:2014. (vorausgesetzt der Wert f\u00fcr CO2 in der Ansaugluft entspricht den Grenzwerten)<br \/>\nOptionally with Airsave Basic filter saturation and service interval monitoring.<br \/>\nAntrieb mittels Keilriemen.  Motor: HONDA GX 200  4,3 kW- 6,0 PS<br \/>\nGer\u00e4uschentwicklung ca. 96 dbA..<br \/>\nIncluded in the scope of delivery: Triple+dryer cartridge FT 100, compressor oil, user manual, parts manual.<br \/>\nMa\u00dfe\/Gewichte: LxBxH 80 x 41x 40, 47 kg.<br \/>\n\" 5-year EUROPA guarantee, you won't find anything comparable\"<\/p>","protected":false},"excerpt":{"rendered":"<p>Transportabler Atemluftverdichter als Marineversion f\u00fcr 300 bar, stabiler EDELSTAHL-Rahmen, pulverbeschichtet,\u00a0 mit ebenfalls pulverbeschichteten Edelstahl-Transportgriffen. AUTO-STOP bei Erreichen des Enddrucks serienm\u00e4\u00dfig enthalten. Luftliterleistung 100\u00a0L\/Min, 6\u00a0m\u00b3h, 3,55\u00a0cfm. 3-zylindriger, 3-stufiger Kompressorblock, 1.-2.- 3. Stufe mit Sicherheitsventil. Aluminium-Zylinder, teils mit Graugusslaufbuchsen,\u00a0 Aluminium-Kolben mit Spezialkolbenringen f\u00fcr hohe Lebensdauer, Freiflugkolben in letzter Stufe. 2 Kondenswasserabscheider mit Entl\u00fcftungshahn, \u00d6lschleuderstift-Sicherheitsschmierung. Micronic-Ansaugfilter, Enddruckmanometer. 1 [&hellip;]<\/p>\n","protected":false},"featured_media":10191,"comment_status":"open","ping_status":"closed","template":"","meta":{"_acf_changed":false},"product_brand":[],"product_cat":[140],"product_tag":[],"class_list":{"0":"post-10202","1":"product","2":"type-product","3":"status-publish","4":"has-post-thumbnail","6":"product_cat-kot","8":"first","9":"instock","10":"taxable","11":"shipping-taxable","12":"purchasable","13":"product-type-simple"},"acf":[],"_links":{"self":[{"href":"https:\/\/bavaria-kompressoren.de\/en\/wp-json\/wp\/v2\/product\/10202","targetHints":{"allow":["GET"]}}],"collection":[{"href":"https:\/\/bavaria-kompressoren.de\/en\/wp-json\/wp\/v2\/product"}],"about":[{"href":"https:\/\/bavaria-kompressoren.de\/en\/wp-json\/wp\/v2\/types\/product"}],"replies":[{"embeddable":true,"href":"https:\/\/bavaria-kompressoren.de\/en\/wp-json\/wp\/v2\/comments?post=10202"}],"wp:featuredmedia":[{"embeddable":true,"href":"https:\/\/bavaria-kompressoren.de\/en\/wp-json\/wp\/v2\/media\/10191"}],"wp:attachment":[{"href":"https:\/\/bavaria-kompressoren.de\/en\/wp-json\/wp\/v2\/media?parent=10202"}],"wp:term":[{"taxonomy":"product_brand","embeddable":true,"href":"https:\/\/bavaria-kompressoren.de\/en\/wp-json\/wp\/v2\/product_brand?post=10202"},{"taxonomy":"product_cat","embeddable":true,"href":"https:\/\/bavaria-kompressoren.de\/en\/wp-json\/wp\/v2\/product_cat?post=10202"},{"taxonomy":"product_tag","embeddable":true,"href":"https:\/\/bavaria-kompressoren.de\/en\/wp-json\/wp\/v2\/product_tag?post=10202"}],"curies":[{"name":"wp","href":"https:\/\/api.w.org\/{rel}","templated":true}]}}