{"id":10131,"date":"2026-03-18T08:06:23","date_gmt":"2026-03-18T07:06:23","guid":{"rendered":"https:\/\/bavaria-kompressoren.de\/product\/kompressor-bavaria-tvs-sc-600-800lpm-nax-420-bar\/"},"modified":"2026-04-21T08:03:41","modified_gmt":"2026-04-21T06:03:41","slug":"kompressor-bavaria-tvs-sc-600-800lpm-nax-420-bar","status":"publish","type":"product","link":"https:\/\/bavaria-kompressoren.de\/en\/product\/kompressor-bavaria-tvs-sc-600-800lpm-nax-420-bar\/","title":{"rendered":"Kompressor BAVARIA TVS SC 600- 800LpM nax 420 bar"},"content":{"rendered":"<p>TVCS-SC TVC Silent-SUPER CHARGER<br \/>\nHochleistungs- Hochdruckverdichter und F\u00fcllanlage f\u00fcr Gase- insbesondere Atemluft in ger\u00e4uschged\u00e4mmter Ausf\u00fchrung.(70 db(A)<br \/>\nLuftliterleistung 600 &#8211; 700-800 L\/Min, 36\/ 42\/ 48 m\u00b3\/h, 21,19\/ 24,72\/ 28,75\u00a0c.f.m. bis max. 420 bar.<br \/>\n4-Zylinder robuster Industrie-Standard- Kompressorblock, Sicherheitsventile nach jeder Verdichterstufe. Baumuster- und T\u00dcV-gepr\u00fcftes anl\u00fcftbares Enddrucksicherheitsventil, . Automatischer Kondenswasserabscheidung sowie Abschaltung bei Erreichen des Enddruckes.<br \/>\nMit wartungsfreier Niederdruck-\u00d6lpumpe, \u00d6lmenge\u00a0 6 Ltr.<br \/>\nAutomatische CO2 Sp\u00fcleinrichtung beim Kompressorstart.<br \/>\nMicronic-Ansaugluftfilter, 10-ltr.-Kondensatsammelbeh\u00e4lter.<br \/>\nFT 410\/ 810 dreistufiges Atemluftreintrockner-System, T\u00dcV gepr\u00fcft, Trocknerkapazit\u00e4t 1400\/\u00a02400 m\u00b3 (bei 20\u00b0 C) f\u00fcr H\u00b2O\/\u00d6l oder optional H\u00b2O\/\u00d6L\/CO.<br \/>\nThe optional AIRSAVE PRO E or AIRSAVE ULTIMATE can be integrated for air quality monitoring.<br \/>\nIDE HIGH END Stern-Dreieck Kompressorsteuerung mit 7&#8243; Farb-Touch Display,\u00a0<br \/>\nAsynchron-Drehstrommotor 400 V, 50 Hz, 11\/ 11\/15 kW, IP 55, IE3<br \/>\n1 Hauptluftabgang, optional erweiterbar mit bis zu 4 F\u00fcllschl\u00e4uchen a 1,5 mtr. mit Handgriff und Knickschutz.und F\u00fcllventilen mit Entl\u00fcftung.\u00a0<br \/>\nTrocknerschl\u00fcssel, ausf\u00fchrliches Bedienungshandbuch, Teilehandbuch, Kompressorlogbuch, Kompressorf\u00fcllbuch, Konformit\u00e4tserkl\u00e4rung, Zertifikate f\u00fcr Sicherheitsventile, Abscheider, Trocknereinheit, Trocknerpatrone FT 410.+ 410A<br \/>\nMa\u00dfe: LBH 130 x 85 x 170 cm, Gewicht ca. 450\u00a0kg.<\/p>\n<p>Weitere Informationen siehe Datenblatt<br \/>\n\u00a0<\/p>\n<p>\u00a0<br \/>\n\u00a0<\/p>","protected":false},"excerpt":{"rendered":"<p>TVCS-SC TVC Silent-SUPER CHARGER Hochleistungs- Hochdruckverdichter und F\u00fcllanlage f\u00fcr Gase- insbesondere Atemluft in ger\u00e4uschged\u00e4mmter Ausf\u00fchrung.(70 db(A) Luftliterleistung 600 &#8211; 700-800 L\/Min, 36\/ 42\/ 48 m\u00b3\/h, 21,19\/ 24,72\/ 28,75\u00a0c.f.m. bis max. 420 bar. 4-Zylinder robuster Industrie-Standard- Kompressorblock, Sicherheitsventile nach jeder Verdichterstufe. Baumuster- und T\u00dcV-gepr\u00fcftes anl\u00fcftbares Enddrucksicherheitsventil, . Automatischer Kondenswasserabscheidung sowie Abschaltung bei Erreichen des Enddruckes. Mit [&hellip;]<\/p>\n","protected":false},"featured_media":10130,"comment_status":"closed","ping_status":"closed","template":"","meta":{"_acf_changed":false},"product_brand":[],"product_cat":[146],"product_tag":[],"class_list":{"0":"post-10131","1":"product","2":"type-product","3":"status-publish","4":"has-post-thumbnail","6":"product_cat-kos","7":"pa_arbeitsdruck-300-bar-4351-psi","8":"pa_arbeitsdruck-420-bar-6091-psi","9":"pa_fuellleistung-600-lpm-2119-cfm","10":"pa_fuellleistung-700-lpm-24572-cfm","11":"pa_fuellleistung-800-lpm-2825-cfm","12":"pa_leistung-11-kw-2","13":"pa_leistung-15-kw-2","14":"pa_spannung-400v","16":"first","17":"instock","18":"taxable","19":"shipping-taxable","20":"purchasable","21":"product-type-variable"},"acf":[],"_links":{"self":[{"href":"https:\/\/bavaria-kompressoren.de\/en\/wp-json\/wp\/v2\/product\/10131","targetHints":{"allow":["GET"]}}],"collection":[{"href":"https:\/\/bavaria-kompressoren.de\/en\/wp-json\/wp\/v2\/product"}],"about":[{"href":"https:\/\/bavaria-kompressoren.de\/en\/wp-json\/wp\/v2\/types\/product"}],"replies":[{"embeddable":true,"href":"https:\/\/bavaria-kompressoren.de\/en\/wp-json\/wp\/v2\/comments?post=10131"}],"wp:featuredmedia":[{"embeddable":true,"href":"https:\/\/bavaria-kompressoren.de\/en\/wp-json\/wp\/v2\/media\/10130"}],"wp:attachment":[{"href":"https:\/\/bavaria-kompressoren.de\/en\/wp-json\/wp\/v2\/media?parent=10131"}],"wp:term":[{"taxonomy":"product_brand","embeddable":true,"href":"https:\/\/bavaria-kompressoren.de\/en\/wp-json\/wp\/v2\/product_brand?post=10131"},{"taxonomy":"product_cat","embeddable":true,"href":"https:\/\/bavaria-kompressoren.de\/en\/wp-json\/wp\/v2\/product_cat?post=10131"},{"taxonomy":"product_tag","embeddable":true,"href":"https:\/\/bavaria-kompressoren.de\/en\/wp-json\/wp\/v2\/product_tag?post=10131"}],"curies":[{"name":"wp","href":"https:\/\/api.w.org\/{rel}","templated":true}]}}