{"id":10121,"date":"2026-03-17T15:17:04","date_gmt":"2026-03-17T14:17:04","guid":{"rendered":"https:\/\/bavaria-kompressoren.de\/product\/kompressor-bavaria-tso-open-semi-silent-320-et-300-bar\/"},"modified":"2026-04-21T08:03:41","modified_gmt":"2026-04-21T06:03:41","slug":"kompressor-bavaria-tso-open-semi-silent-320-et-300-bar","status":"publish","type":"product","link":"https:\/\/bavaria-kompressoren.de\/en\/product\/kompressor-bavaria-tso-open-semi-silent-320-et-300-bar\/","title":{"rendered":"Kompressor BAVARIA TSO OPEN Semi- SILENT 320 ET  300 bar"},"content":{"rendered":"<p>BAVARIA TSO OPEN SEMI- SILENT PROFESSIONAL \u2013 f\u00fcr Profis gemacht!<br \/>\nMaximale Sicherheit und reinste Atemluft f\u00fcr Feuerwehr &amp; Rettungsdienste \u2013 Taucher &amp; Tauchzentren \u2013 Industrie &amp; Schifffahrt \u2013 leistungsstark und zuverl\u00e4ssig auch unter h\u00e4rtesten Bedingungen Mit seinem extrem schnellen Ersatzteilservice ist der BAVARIA TSI Silent einer der beliebtesten Profikompressoren weltweit. Wenn es um Leben und Sicherheit geht, z\u00e4hlen nur Leistung und absolute Zuverl\u00e4ssigkeit. Der TSI SILENT Professional wurde speziell f\u00fcr Feuerwehren, Rettungsdienste, Tauchzentren und industrielle Anwendungen entwickelt \u2013 robust, leistungsstark und wartungsarm. 24\/7-Betrieb \u2013 F\u00fcr den extremen Dauereinsatz konzipiert, arbeitet er rund um die Uhr zuverl\u00e4ssig. Silent-Technologie \u2013 Reduzierter Ger\u00e4uschpegel von nur 83 dB(A) f\u00fcr eine angenehmere Arbeitsumgebung, ideal f\u00fcr Stationen und Leitstellen. Effizient und wartungsarm \u2013 Hochwertige Technologie sorgt f\u00fcr eine lange Lebensdauer und niedrige Betriebskosten. Atemluft nach h\u00f6chsten Standards \u2013 Erf\u00fcllt internationale Standards f\u00fcr Reinheit und Sicherheit. Extrem robust \u2013 Sto\u00dffest, korrosionsbest\u00e4ndig, wetterfest \u2013 ideal f\u00fcr rauhe Einsatzbedingungen.<\/p>\n<p>Luftdurchfluss: 320 LpM. = 19,2 m\u00b3 &#8211; 11,3 CFM<\/p>\n<p>Maximaler Arbeitsdruck: 350 bar<\/p>\n<p>Kompressionsstufen: 3<\/p>\n<p>Anzahl der Zylinder: 3<\/p>\n<p>Zylinderanordnung: W-Form<\/p>\n<p>Zwischenabscheider 1, Endabscheider 1<\/p>\n<p>Sicherheitsventile f\u00fcr jede Verdichtungsstufe<\/p>\n<p>Schmierung: mit \u00d6lfilter + Zentrifugal-Nadelschmierung<\/p>\n<p>Mikronischer Ansaugfilter.<\/p>\n<p>Halbger\u00e4uscharme, l\u00e4rmreduzierte Konstruktion 68 dbA<\/p>\n<p>Schmierung<\/p>\n<p>Doppelte Schmierung mit einer Niederdruck\u00f6lpumpe mit Mikropartikel-\u00d6lfilter und hocheffizienter Zentrifugal-Nadelschmierung, \u00d6lmenge 2,6 Liter.<\/p>\n<p>Rahmen und-Kabine:<\/p>\n<p>2\u20134 mm pulverbeschichteter Stahlblech, Farbe: RAL 9007 + 9005<\/p>\n<p>Wartungsfreundliche Klappen auf beiden Seiten, Ger\u00e4uschd\u00e4mmung durch hitze- und \u00f6lbest\u00e4ndige Spezialisolierung 20 mm, Sto\u00dfd\u00e4mpfer als verstellbare F\u00fc\u00dfe. Kompressoraggregat und<\/p>\n<p>Antriebseinheit durch Schwingungsd\u00e4mpfer vom Grundrahmen entkoppelt.<\/p>\n<p>Luft-Gas-Aufbereitung:<\/p>\n<p>Mikronischer Ansaugluftfilter, Zwischenabscheider nach 2. und 3. Kompressorstufe, Kondensatabscheidung mit Spezialschalld\u00e4mpfer, 5-Liter-Auffangbeh\u00e4lter.<\/p>\n<p>FT 160 dreistufiges Atemlufttrocknungssystem, T\u00dcV-gepr\u00fcft, Trocknerleistung ca. 600 m\u00b3 bei 15 \u00b0C (UT) f\u00fcr H\u00b2O\/\u00d6l oder optional H\u00b2O\/\u00d6L\/CO.<\/p>\n<p>Der Rest\u00f6lgehalt im entspannten Zustand betr\u00e4gt &lt;5 ml\/m\u00b3, der Taupunkt liegt bei ca. -40 \u00b0C.<\/p>\n<p>Steuerung<\/p>\n<p>IDE HIGH END compressor control<\/p>\n<p>\u00dcberwachung und Regelung des stufenlos einstellbaren Enddrucks<\/p>\n<p>des stufenlos einstellbaren Wiederanlaufdrucks<\/p>\n<p>Steuerung und \u00dcberwachung des automatischen Kondensatablass,<\/p>\n<p>Steuerung und \u00dcberwachung des optionalen CO2-Sp\u00fclsystems,<\/p>\n<p>des Schmier\u00f6lstands im Kurbelgeh\u00e4use,<\/p>\n<p>Steuerung und \u00dcberwachung der Stern-Dreieck-Motorsteuerung,<br \/>\n\u00dcberwachung der optionalen AIRSAVE PRO E Atemlufttrockner-Patronenwechselinterval-\u00dc\u00fcberwachung mit Abschaltung,<\/p>\n<p>Aufzeichnung der Betriebsstunden.<\/p>\n<p>Optional mit IDE HMI-TCC CONTROL, CAN-BUS-basierte Computersteuerung mit umfangreichen Funktionen.<\/p>\n<p>Drive:<br \/>\nAsynchroner Drehstrommotor 400 V, 50 Hz, 7,5 kW, B3 IP 55, konische Antriebsriemenscheibe mit SPA-Keilriemen.<\/p>\n<p>F\u00fcllsystem:<br \/>\n1 Hauptluftauslass 16 x 1,5 8S oder optional eine ausziehbare F\u00fcllplatte mit 4 x 200 bar oder 4 x 300 bar oder 2 x 200 + 2 x 300 bar F\u00fcllvorrichtungen.<\/p>\n<p>Accessories included:<\/p>\n<p>Schraubenschl\u00fcssel f\u00fcr Trocknergeh\u00e4use, umfassende Bedienungsanleitung, Ersatzteilhandbuch, Kompressor-Logbuch, Kompressor-F\u00fcllprotokoll, Konformit\u00e4tserkl\u00e4rung, Zertifikate f\u00fcr Sicherheitsventile, Schl\u00e4uche, Abscheider, Trockner, Pr\u00fcfung der Luftqualit\u00e4t und Dichtheit, Trocknerpatrone FT 160 .<\/p>\n<p>Abmessungen: LxBxH LxBxH 1100 x 750 x 1320 mm, Gewicht ca. 215 kg<br \/>\n\u00a0<\/p>","protected":false},"excerpt":{"rendered":"<p>BAVARIA TSO OPEN SEMI- SILENT PROFESSIONAL \u2013 f\u00fcr Profis gemacht! Maximale Sicherheit und reinste Atemluft f\u00fcr Feuerwehr &amp; Rettungsdienste \u2013 Taucher &amp; Tauchzentren \u2013 Industrie &amp; Schifffahrt \u2013 leistungsstark und zuverl\u00e4ssig auch unter h\u00e4rtesten Bedingungen Mit seinem extrem schnellen Ersatzteilservice ist der BAVARIA TSI Silent einer der beliebtesten Profikompressoren weltweit. Wenn es um Leben und [&hellip;]<\/p>\n","protected":false},"featured_media":9956,"comment_status":"open","ping_status":"closed","template":"","meta":{"_acf_changed":false},"product_brand":[],"product_cat":[21],"product_tag":[],"class_list":{"0":"post-10121","1":"product","2":"type-product","3":"status-publish","4":"has-post-thumbnail","6":"product_cat-uncategorized","8":"first","9":"instock","10":"taxable","11":"shipping-taxable","12":"purchasable","13":"product-type-simple"},"acf":[],"_links":{"self":[{"href":"https:\/\/bavaria-kompressoren.de\/en\/wp-json\/wp\/v2\/product\/10121","targetHints":{"allow":["GET"]}}],"collection":[{"href":"https:\/\/bavaria-kompressoren.de\/en\/wp-json\/wp\/v2\/product"}],"about":[{"href":"https:\/\/bavaria-kompressoren.de\/en\/wp-json\/wp\/v2\/types\/product"}],"replies":[{"embeddable":true,"href":"https:\/\/bavaria-kompressoren.de\/en\/wp-json\/wp\/v2\/comments?post=10121"}],"wp:featuredmedia":[{"embeddable":true,"href":"https:\/\/bavaria-kompressoren.de\/en\/wp-json\/wp\/v2\/media\/9956"}],"wp:attachment":[{"href":"https:\/\/bavaria-kompressoren.de\/en\/wp-json\/wp\/v2\/media?parent=10121"}],"wp:term":[{"taxonomy":"product_brand","embeddable":true,"href":"https:\/\/bavaria-kompressoren.de\/en\/wp-json\/wp\/v2\/product_brand?post=10121"},{"taxonomy":"product_cat","embeddable":true,"href":"https:\/\/bavaria-kompressoren.de\/en\/wp-json\/wp\/v2\/product_cat?post=10121"},{"taxonomy":"product_tag","embeddable":true,"href":"https:\/\/bavaria-kompressoren.de\/en\/wp-json\/wp\/v2\/product_tag?post=10121"}],"curies":[{"name":"wp","href":"https:\/\/api.w.org\/{rel}","templated":true}]}}